{"id":2,"date":"2023-08-29T17:05:41","date_gmt":"2023-08-29T17:05:41","guid":{"rendered":"http:\/\/hpl.energy\/?page_id=2"},"modified":"2024-02-19T17:28:39","modified_gmt":"2024-02-19T17:28:39","slug":"leistungen","status":"publish","type":"page","link":"https:\/\/hpl.energy\/en\/leistungen\/","title":{"rendered":"Services"},"content":{"rendered":"<div data-elementor-type=\"wp-page\" data-elementor-id=\"2\" class=\"elementor elementor-2\" data-elementor-post-type=\"page\">\n\t\t\t\t<div class=\"elementor-element elementor-element-b884ccc e-flex e-con-boxed e-con e-parent\" data-id=\"b884ccc\" data-element_type=\"container\" data-e-type=\"container\">\n\t\t\t\t\t<div class=\"e-con-inner\">\n\t\t\t\t<div class=\"elementor-element elementor-element-fed59cb elementor-invisible elementor-widget elementor-widget-heading\" data-id=\"fed59cb\" data-element_type=\"widget\" data-e-type=\"widget\" data-settings=\"{&quot;_animation&quot;:&quot;fadeInUp&quot;}\" data-widget_type=\"heading.default\">\n\t\t\t\t<div class=\"elementor-widget-container\">\n\t\t\t\t\t<h2 class=\"elementor-heading-title elementor-size-default\">Overview of our services<\/h2>\t\t\t\t<\/div>\n\t\t\t\t<\/div>\n\t\t\t\t<div class=\"elementor-element elementor-element-1ab4d9f elementor-widget-divider--view-line elementor-invisible elementor-widget elementor-widget-divider\" data-id=\"1ab4d9f\" data-element_type=\"widget\" data-e-type=\"widget\" data-settings=\"{&quot;_animation&quot;:&quot;fadeInUp&quot;,&quot;_animation_delay&quot;:300}\" data-widget_type=\"divider.default\">\n\t\t\t\t<div class=\"elementor-widget-container\">\n\t\t\t\t\t\t\t<div class=\"elementor-divider\">\n\t\t\t<span class=\"elementor-divider-separator\">\n\t\t\t\t\t\t<\/span>\n\t\t<\/div>\n\t\t\t\t\t\t<\/div>\n\t\t\t\t<\/div>\n\t\t\t\t\t<\/div>\n\t\t\t\t<\/div>\n\t\t<div class=\"elementor-element elementor-element-e652cb1 e-flex e-con-boxed e-con e-parent\" data-id=\"e652cb1\" data-element_type=\"container\" data-e-type=\"container\">\n\t\t\t\t\t<div class=\"e-con-inner\">\n\t\t<a class=\"elementor-element elementor-element-61a96d1 e-con-full e-transform e-transform e-flex elementor-invisible e-con e-child\" data-id=\"61a96d1\" data-element_type=\"container\" data-e-type=\"container\" data-settings=\"{&quot;animation&quot;:&quot;fadeInUp&quot;,&quot;background_background&quot;:&quot;classic&quot;,&quot;_transform_scale_effect_hover&quot;:{&quot;unit&quot;:&quot;px&quot;,&quot;size&quot;:1.05,&quot;sizes&quot;:[]},&quot;_transform_scaleX_effect&quot;:{&quot;unit&quot;:&quot;px&quot;,&quot;size&quot;:&quot;&quot;,&quot;sizes&quot;:[]},&quot;_transform_scaleX_effect_tablet&quot;:{&quot;unit&quot;:&quot;px&quot;,&quot;size&quot;:&quot;&quot;,&quot;sizes&quot;:[]},&quot;_transform_scaleX_effect_mobile&quot;:{&quot;unit&quot;:&quot;px&quot;,&quot;size&quot;:&quot;&quot;,&quot;sizes&quot;:[]},&quot;_transform_scaleY_effect&quot;:{&quot;unit&quot;:&quot;px&quot;,&quot;size&quot;:&quot;&quot;,&quot;sizes&quot;:[]},&quot;_transform_scaleY_effect_tablet&quot;:{&quot;unit&quot;:&quot;px&quot;,&quot;size&quot;:&quot;&quot;,&quot;sizes&quot;:[]},&quot;_transform_scaleY_effect_mobile&quot;:{&quot;unit&quot;:&quot;px&quot;,&quot;size&quot;:&quot;&quot;,&quot;sizes&quot;:[]},&quot;_transform_scale_effect_hover_tablet&quot;:{&quot;unit&quot;:&quot;px&quot;,&quot;size&quot;:&quot;&quot;,&quot;sizes&quot;:[]},&quot;_transform_scale_effect_hover_mobile&quot;:{&quot;unit&quot;:&quot;px&quot;,&quot;size&quot;:&quot;&quot;,&quot;sizes&quot;:[]}}\" href=\"https:\/\/hpl.energy\/en\/leistungen\/feldtest-im-labor\/\">\n\t\t<div class=\"elementor-element elementor-element-abac308 e-flex e-con-boxed e-con e-child\" data-id=\"abac308\" data-element_type=\"container\" data-e-type=\"container\">\n\t\t\t\t\t<div class=\"e-con-inner\">\n\t\t\t\t<div class=\"elementor-element elementor-element-2c55ec3 elementor-view-default elementor-invisible elementor-widget elementor-widget-icon\" data-id=\"2c55ec3\" data-element_type=\"widget\" data-e-type=\"widget\" data-settings=\"{&quot;_animation&quot;:&quot;fadeInUp&quot;}\" data-widget_type=\"icon.default\">\n\t\t\t\t<div class=\"elementor-widget-container\">\n\t\t\t\t\t\t\t<div class=\"elementor-icon-wrapper\">\n\t\t\t<div class=\"elementor-icon\">\n\t\t\t<i aria-hidden=\"true\" class=\"fab fa-chromecast\"><\/i>\t\t\t<\/div>\n\t\t<\/div>\n\t\t\t\t\t\t<\/div>\n\t\t\t\t<\/div>\n\t\t\t\t\t<\/div>\n\t\t\t\t<\/div>\n\t\t\t\t<div class=\"elementor-element elementor-element-8ba5c81 elementor-invisible elementor-widget elementor-widget-text-editor\" data-id=\"8ba5c81\" data-element_type=\"widget\" data-e-type=\"widget\" data-settings=\"{&quot;_animation&quot;:&quot;fadeInUp&quot;}\" data-widget_type=\"text-editor.default\">\n\t\t\t\t<div class=\"elementor-widget-container\">\n\t\t\t\t\t\t\t\t\t<p>Field Test in the Lab<\/p>\t\t\t\t\t\t\t\t<\/div>\n\t\t\t\t<\/div>\n\t\t\t\t<div class=\"elementor-element elementor-element-8d352c6 elementor-invisible elementor-widget elementor-widget-text-editor\" data-id=\"8d352c6\" data-element_type=\"widget\" data-e-type=\"widget\" data-settings=\"{&quot;_animation&quot;:&quot;fadeInUp&quot;}\" data-widget_type=\"text-editor.default\">\n\t\t\t\t<div class=\"elementor-widget-container\">\n\t\t\t\t\t\t\t\t\t<p>Vermessung und Bewertung von W\u00e4rmepumpen unter realit\u00e4tsnahen und dynamischen Randbedingungen. Hydraulische Bewertbarkeit und Vergleichbarkeit durch unser HiL-Konzept sowie experimentelle Ermittlung von Jahreskennzahlen durch repr\u00e4sentative Typtage.<\/p>\t\t\t\t\t\t\t\t<\/div>\n\t\t\t\t<\/div>\n\t\t\t\t<\/a>\n\t\t<a class=\"elementor-element elementor-element-05f6863 e-con-full e-transform e-flex elementor-invisible e-con e-child\" data-id=\"05f6863\" data-element_type=\"container\" data-e-type=\"container\" data-settings=\"{&quot;animation&quot;:&quot;fadeInUp&quot;,&quot;_transform_scale_effect_hover&quot;:{&quot;unit&quot;:&quot;px&quot;,&quot;size&quot;:1.05,&quot;sizes&quot;:[]},&quot;_transform_scale_effect_hover_tablet&quot;:{&quot;unit&quot;:&quot;px&quot;,&quot;size&quot;:&quot;&quot;,&quot;sizes&quot;:[]},&quot;_transform_scale_effect_hover_mobile&quot;:{&quot;unit&quot;:&quot;px&quot;,&quot;size&quot;:&quot;&quot;,&quot;sizes&quot;:[]}}\" href=\"https:\/\/hpl.energy\/en\/leistungen\/hems-evaluierung\/\">\n\t\t<div class=\"elementor-element elementor-element-c2f9a50 e-flex e-con-boxed elementor-invisible e-con e-child\" data-id=\"c2f9a50\" data-element_type=\"container\" data-e-type=\"container\" data-settings=\"{&quot;animation&quot;:&quot;fadeInUp&quot;}\">\n\t\t\t\t\t<div class=\"e-con-inner\">\n\t\t\t\t<div class=\"elementor-element elementor-element-350c5df elementor-view-default elementor-widget elementor-widget-icon\" data-id=\"350c5df\" data-element_type=\"widget\" data-e-type=\"widget\" data-widget_type=\"icon.default\">\n\t\t\t\t<div class=\"elementor-widget-container\">\n\t\t\t\t\t\t\t<div class=\"elementor-icon-wrapper\">\n\t\t\t<div class=\"elementor-icon\">\n\t\t\t<i aria-hidden=\"true\" class=\"fas fa-laptop\"><\/i>\t\t\t<\/div>\n\t\t<\/div>\n\t\t\t\t\t\t<\/div>\n\t\t\t\t<\/div>\n\t\t\t\t\t<\/div>\n\t\t\t\t<\/div>\n\t\t\t\t<div class=\"elementor-element elementor-element-952ad21 elementor-invisible elementor-widget elementor-widget-text-editor\" data-id=\"952ad21\" data-element_type=\"widget\" data-e-type=\"widget\" data-settings=\"{&quot;_animation&quot;:&quot;fadeInUp&quot;}\" data-widget_type=\"text-editor.default\">\n\t\t\t\t<div class=\"elementor-widget-container\">\n\t\t\t\t\t\t\t\t\t<p>System Controller Evaluation<\/p>\t\t\t\t\t\t\t\t<\/div>\n\t\t\t\t<\/div>\n\t\t\t\t<div class=\"elementor-element elementor-element-0eb1b00 elementor-invisible elementor-widget elementor-widget-text-editor\" data-id=\"0eb1b00\" data-element_type=\"widget\" data-e-type=\"widget\" data-settings=\"{&quot;_animation&quot;:&quot;fadeInUp&quot;}\" data-widget_type=\"text-editor.default\">\n\t\t\t\t<div class=\"elementor-widget-container\">\n\t\t\t\t\t\t\t\t\t<p>Simulative und experimentelle Tests innovativer Systemregler in individuellen Set-Ups. Emulation von virtuellen Werten wie Ventil\u00f6ffnungsgrade und Geb\u00e4udetemperaturen.<\/p>\t\t\t\t\t\t\t\t<\/div>\n\t\t\t\t<\/div>\n\t\t\t\t<\/a>\n\t\t<a class=\"elementor-element elementor-element-ab90811 e-con-full e-transform e-transform e-flex elementor-invisible e-con e-child\" data-id=\"ab90811\" data-element_type=\"container\" data-e-type=\"container\" data-settings=\"{&quot;animation&quot;:&quot;fadeInUp&quot;,&quot;_transform_scale_effect_hover&quot;:{&quot;unit&quot;:&quot;px&quot;,&quot;size&quot;:1.05,&quot;sizes&quot;:[]},&quot;_transform_scaleX_effect&quot;:{&quot;unit&quot;:&quot;px&quot;,&quot;size&quot;:&quot;&quot;,&quot;sizes&quot;:[]},&quot;_transform_scaleX_effect_tablet&quot;:{&quot;unit&quot;:&quot;px&quot;,&quot;size&quot;:&quot;&quot;,&quot;sizes&quot;:[]},&quot;_transform_scaleX_effect_mobile&quot;:{&quot;unit&quot;:&quot;px&quot;,&quot;size&quot;:&quot;&quot;,&quot;sizes&quot;:[]},&quot;_transform_scaleY_effect&quot;:{&quot;unit&quot;:&quot;px&quot;,&quot;size&quot;:&quot;&quot;,&quot;sizes&quot;:[]},&quot;_transform_scaleY_effect_tablet&quot;:{&quot;unit&quot;:&quot;px&quot;,&quot;size&quot;:&quot;&quot;,&quot;sizes&quot;:[]},&quot;_transform_scaleY_effect_mobile&quot;:{&quot;unit&quot;:&quot;px&quot;,&quot;size&quot;:&quot;&quot;,&quot;sizes&quot;:[]},&quot;_transform_scale_effect_hover_tablet&quot;:{&quot;unit&quot;:&quot;px&quot;,&quot;size&quot;:&quot;&quot;,&quot;sizes&quot;:[]},&quot;_transform_scale_effect_hover_mobile&quot;:{&quot;unit&quot;:&quot;px&quot;,&quot;size&quot;:&quot;&quot;,&quot;sizes&quot;:[]}}\" href=\"https:\/\/hpl.energy\/en\/leistungen\/beratung-und-entwicklung\/\">\n\t\t<div class=\"elementor-element elementor-element-c2283a6 e-flex e-con-boxed e-con e-child\" data-id=\"c2283a6\" data-element_type=\"container\" data-e-type=\"container\">\n\t\t\t\t\t<div class=\"e-con-inner\">\n\t\t\t\t<div class=\"elementor-element elementor-element-39b621f elementor-view-default elementor-invisible elementor-widget elementor-widget-icon\" data-id=\"39b621f\" data-element_type=\"widget\" data-e-type=\"widget\" data-settings=\"{&quot;_animation&quot;:&quot;fadeInUp&quot;}\" data-widget_type=\"icon.default\">\n\t\t\t\t<div class=\"elementor-widget-container\">\n\t\t\t\t\t\t\t<div class=\"elementor-icon-wrapper\">\n\t\t\t<div class=\"elementor-icon\">\n\t\t\t<i aria-hidden=\"true\" class=\"fas fa-swatchbook\"><\/i>\t\t\t<\/div>\n\t\t<\/div>\n\t\t\t\t\t\t<\/div>\n\t\t\t\t<\/div>\n\t\t\t\t\t<\/div>\n\t\t\t\t<\/div>\n\t\t\t\t<div class=\"elementor-element elementor-element-7db6b32 elementor-invisible elementor-widget elementor-widget-text-editor\" data-id=\"7db6b32\" data-element_type=\"widget\" data-e-type=\"widget\" data-settings=\"{&quot;_animation&quot;:&quot;fadeInUp&quot;}\" data-widget_type=\"text-editor.default\">\n\t\t\t\t<div class=\"elementor-widget-container\">\n\t\t\t\t\t\t\t\t\t<p>Test Bench Development<\/p>\t\t\t\t\t\t\t\t<\/div>\n\t\t\t\t<\/div>\n\t\t\t\t<div class=\"elementor-element elementor-element-1cdfe19 elementor-invisible elementor-widget elementor-widget-text-editor\" data-id=\"1cdfe19\" data-element_type=\"widget\" data-e-type=\"widget\" data-settings=\"{&quot;_animation&quot;:&quot;fadeInUp&quot;}\" data-widget_type=\"text-editor.default\">\n\t\t\t\t<div class=\"elementor-widget-container\">\n\t\t\t\t\t\t\t\t\t<p>Wir beraten und entwickeln mit Ihnen hydraulische Konzepte und Klimakammern und unterst\u00fctzen Sie bei der Entwicklung cloudbasierter Dateninfrastrukturen.<\/p>\t\t\t\t\t\t\t\t<\/div>\n\t\t\t\t<\/div>\n\t\t\t\t<\/a>\n\t\t<a class=\"elementor-element elementor-element-9ed9c5d e-con-full e-transform e-flex elementor-invisible e-con e-child\" data-id=\"9ed9c5d\" data-element_type=\"container\" data-e-type=\"container\" data-settings=\"{&quot;animation&quot;:&quot;fadeInUp&quot;,&quot;_transform_scaleX_effect_hover&quot;:{&quot;unit&quot;:&quot;px&quot;,&quot;size&quot;:1.05,&quot;sizes&quot;:[]},&quot;_transform_scaleY_effect_hover&quot;:{&quot;unit&quot;:&quot;px&quot;,&quot;size&quot;:1.05,&quot;sizes&quot;:[]},&quot;_transform_scaleX_effect_hover_tablet&quot;:{&quot;unit&quot;:&quot;px&quot;,&quot;size&quot;:&quot;&quot;,&quot;sizes&quot;:[]},&quot;_transform_scaleX_effect_hover_mobile&quot;:{&quot;unit&quot;:&quot;px&quot;,&quot;size&quot;:&quot;&quot;,&quot;sizes&quot;:[]},&quot;_transform_scaleY_effect_hover_tablet&quot;:{&quot;unit&quot;:&quot;px&quot;,&quot;size&quot;:&quot;&quot;,&quot;sizes&quot;:[]},&quot;_transform_scaleY_effect_hover_mobile&quot;:{&quot;unit&quot;:&quot;px&quot;,&quot;size&quot;:&quot;&quot;,&quot;sizes&quot;:[]}}\" href=\"https:\/\/hpl.energy\/en\/leistungen\/akkreditierte-messungen\/\">\n\t\t<div class=\"elementor-element elementor-element-b69ab58 e-flex e-con-boxed e-con e-child\" data-id=\"b69ab58\" data-element_type=\"container\" data-e-type=\"container\">\n\t\t\t\t\t<div class=\"e-con-inner\">\n\t\t\t\t<div class=\"elementor-element elementor-element-e5a46b8 elementor-view-default elementor-invisible elementor-widget elementor-widget-icon\" data-id=\"e5a46b8\" data-element_type=\"widget\" data-e-type=\"widget\" data-settings=\"{&quot;_animation&quot;:&quot;fadeInUp&quot;}\" data-widget_type=\"icon.default\">\n\t\t\t\t<div class=\"elementor-widget-container\">\n\t\t\t\t\t\t\t<div class=\"elementor-icon-wrapper\">\n\t\t\t<div class=\"elementor-icon\">\n\t\t\t<i aria-hidden=\"true\" class=\"fas fa-list\"><\/i>\t\t\t<\/div>\n\t\t<\/div>\n\t\t\t\t\t\t<\/div>\n\t\t\t\t<\/div>\n\t\t\t\t\t<\/div>\n\t\t\t\t<\/div>\n\t\t\t\t<div class=\"elementor-element elementor-element-4635ce1 elementor-invisible elementor-widget elementor-widget-text-editor\" data-id=\"4635ce1\" data-element_type=\"widget\" data-e-type=\"widget\" data-settings=\"{&quot;_animation&quot;:&quot;fadeInUp&quot;}\" data-widget_type=\"text-editor.default\">\n\t\t\t\t<div class=\"elementor-widget-container\">\n\t\t\t\t\t\t\t\t\t<p>Accredited Measurements<\/p>\t\t\t\t\t\t\t\t<\/div>\n\t\t\t\t<\/div>\n\t\t\t\t<div class=\"elementor-element elementor-element-02a747b elementor-invisible elementor-widget elementor-widget-text-editor\" data-id=\"02a747b\" data-element_type=\"widget\" data-e-type=\"widget\" data-settings=\"{&quot;_animation&quot;:&quot;fadeInUp&quot;}\" data-widget_type=\"text-editor.default\">\n\t\t\t\t<div class=\"elementor-widget-container\">\n\t\t\t\t\t\t\t\t\t<p>Die HPL GmbH plant zuk\u00fcnftig alle Labore nach DIN EN ISO\/IEC 17025 zu akkreditieren.<\/p>\t\t\t\t\t\t\t\t<\/div>\n\t\t\t\t<\/div>\n\t\t\t\t<\/a>\n\t\t\t\t\t<\/div>\n\t\t\t\t<\/div>\n\t\t<div class=\"elementor-element elementor-element-0510a51 e-flex e-con-boxed e-con e-parent\" data-id=\"0510a51\" data-element_type=\"container\" data-e-type=\"container\">\n\t\t\t\t\t<div class=\"e-con-inner\">\n\t\t\t\t\t<\/div>\n\t\t\t\t<\/div>\n\t\t\t\t<\/div>","protected":false},"excerpt":{"rendered":"<p>Unsere Leistungen im \u00dcberblick Feldtest im Labor Vermessung und Bewertung von W\u00e4rmepumpen unter realit\u00e4tsnahen und dynamischen Randbedingungen. Hydraulische Bewertbarkeit und Vergleichbarkeit durch unser HiL-Konzept sowie experimentelle Ermittlung von Jahreskennzahlen durch&hellip;&nbsp;<\/p>","protected":false},"author":1,"featured_media":0,"parent":0,"menu_order":0,"comment_status":"closed","ping_status":"closed","template":"","meta":{"neve_meta_sidebar":"","neve_meta_container":"","neve_meta_enable_content_width":"","neve_meta_content_width":0,"neve_meta_title_alignment":"","neve_meta_author_avatar":"","neve_post_elements_order":"","neve_meta_disable_header":"","neve_meta_disable_footer":"","neve_meta_disable_title":"on","footnotes":""},"class_list":["post-2","page","type-page","status-publish","hentry"],"yoast_head":"<!-- This site is optimized with the Yoast SEO plugin v27.3 - https:\/\/yoast.com\/product\/yoast-seo-wordpress\/ -->\n<title>Leistungen - HPL<\/title>\n<meta name=\"robots\" content=\"index, follow, max-snippet:-1, max-image-preview:large, max-video-preview:-1\" \/>\n<link rel=\"canonical\" href=\"https:\/\/hpl.energy\/en\/leistungen\/\" \/>\n<meta property=\"og:locale\" content=\"en_US\" \/>\n<meta property=\"og:type\" content=\"article\" \/>\n<meta property=\"og:title\" content=\"Leistungen - HPL\" \/>\n<meta property=\"og:description\" content=\"Unsere Leistungen im \u00dcberblick Feldtest im Labor Vermessung und Bewertung von W\u00e4rmepumpen unter realit\u00e4tsnahen und dynamischen Randbedingungen. Hydraulische Bewertbarkeit und Vergleichbarkeit durch unser HiL-Konzept sowie experimentelle Ermittlung von Jahreskennzahlen durch&hellip;&nbsp;\" \/>\n<meta property=\"og:url\" content=\"https:\/\/hpl.energy\/en\/leistungen\/\" \/>\n<meta property=\"og:site_name\" content=\"HPL\" \/>\n<meta property=\"article:modified_time\" content=\"2024-02-19T17:28:39+00:00\" \/>\n<meta name=\"twitter:card\" content=\"summary_large_image\" \/>\n<script type=\"application\/ld+json\" class=\"yoast-schema-graph\">{\"@context\":\"https:\\\/\\\/schema.org\",\"@graph\":[{\"@type\":\"WebPage\",\"@id\":\"https:\\\/\\\/hpl.energy\\\/leistungen\\\/\",\"url\":\"https:\\\/\\\/hpl.energy\\\/leistungen\\\/\",\"name\":\"Leistungen - HPL\",\"isPartOf\":{\"@id\":\"https:\\\/\\\/hpl.energy\\\/#website\"},\"datePublished\":\"2023-08-29T17:05:41+00:00\",\"dateModified\":\"2024-02-19T17:28:39+00:00\",\"breadcrumb\":{\"@id\":\"https:\\\/\\\/hpl.energy\\\/leistungen\\\/#breadcrumb\"},\"inLanguage\":\"en-US\",\"potentialAction\":[{\"@type\":\"ReadAction\",\"target\":[\"https:\\\/\\\/hpl.energy\\\/leistungen\\\/\"]}]},{\"@type\":\"BreadcrumbList\",\"@id\":\"https:\\\/\\\/hpl.energy\\\/leistungen\\\/#breadcrumb\",\"itemListElement\":[{\"@type\":\"ListItem\",\"position\":1,\"name\":\"Startseite\",\"item\":\"https:\\\/\\\/hpl.energy\\\/\"},{\"@type\":\"ListItem\",\"position\":2,\"name\":\"Leistungen\"}]},{\"@type\":\"WebSite\",\"@id\":\"https:\\\/\\\/hpl.energy\\\/#website\",\"url\":\"https:\\\/\\\/hpl.energy\\\/\",\"name\":\"HPL\",\"description\":\"Heating Perfomance Lab\",\"potentialAction\":[{\"@type\":\"SearchAction\",\"target\":{\"@type\":\"EntryPoint\",\"urlTemplate\":\"https:\\\/\\\/hpl.energy\\\/?s={search_term_string}\"},\"query-input\":{\"@type\":\"PropertyValueSpecification\",\"valueRequired\":true,\"valueName\":\"search_term_string\"}}],\"inLanguage\":\"en-US\"}]}<\/script>\n<!-- \/ Yoast SEO plugin. -->","yoast_head_json":{"title":"Leistungen - HPL","robots":{"index":"index","follow":"follow","max-snippet":"max-snippet:-1","max-image-preview":"max-image-preview:large","max-video-preview":"max-video-preview:-1"},"canonical":"https:\/\/hpl.energy\/en\/leistungen\/","og_locale":"en_US","og_type":"article","og_title":"Leistungen - HPL","og_description":"Unsere Leistungen im \u00dcberblick Feldtest im Labor Vermessung und Bewertung von W\u00e4rmepumpen unter realit\u00e4tsnahen und dynamischen Randbedingungen. Hydraulische Bewertbarkeit und Vergleichbarkeit durch unser HiL-Konzept sowie experimentelle Ermittlung von Jahreskennzahlen durch&hellip;&nbsp;","og_url":"https:\/\/hpl.energy\/en\/leistungen\/","og_site_name":"HPL","article_modified_time":"2024-02-19T17:28:39+00:00","twitter_card":"summary_large_image","schema":{"@context":"https:\/\/schema.org","@graph":[{"@type":"WebPage","@id":"https:\/\/hpl.energy\/leistungen\/","url":"https:\/\/hpl.energy\/leistungen\/","name":"Leistungen - HPL","isPartOf":{"@id":"https:\/\/hpl.energy\/#website"},"datePublished":"2023-08-29T17:05:41+00:00","dateModified":"2024-02-19T17:28:39+00:00","breadcrumb":{"@id":"https:\/\/hpl.energy\/leistungen\/#breadcrumb"},"inLanguage":"en-US","potentialAction":[{"@type":"ReadAction","target":["https:\/\/hpl.energy\/leistungen\/"]}]},{"@type":"BreadcrumbList","@id":"https:\/\/hpl.energy\/leistungen\/#breadcrumb","itemListElement":[{"@type":"ListItem","position":1,"name":"Startseite","item":"https:\/\/hpl.energy\/"},{"@type":"ListItem","position":2,"name":"Leistungen"}]},{"@type":"WebSite","@id":"https:\/\/hpl.energy\/#website","url":"https:\/\/hpl.energy\/","name":"HPL","description":"Heating Perfomance Lab","potentialAction":[{"@type":"SearchAction","target":{"@type":"EntryPoint","urlTemplate":"https:\/\/hpl.energy\/?s={search_term_string}"},"query-input":{"@type":"PropertyValueSpecification","valueRequired":true,"valueName":"search_term_string"}}],"inLanguage":"en-US"}]}},"_links":{"self":[{"href":"https:\/\/hpl.energy\/en\/wp-json\/wp\/v2\/pages\/2","targetHints":{"allow":["GET"]}}],"collection":[{"href":"https:\/\/hpl.energy\/en\/wp-json\/wp\/v2\/pages"}],"about":[{"href":"https:\/\/hpl.energy\/en\/wp-json\/wp\/v2\/types\/page"}],"author":[{"embeddable":true,"href":"https:\/\/hpl.energy\/en\/wp-json\/wp\/v2\/users\/1"}],"replies":[{"embeddable":true,"href":"https:\/\/hpl.energy\/en\/wp-json\/wp\/v2\/comments?post=2"}],"version-history":[{"count":191,"href":"https:\/\/hpl.energy\/en\/wp-json\/wp\/v2\/pages\/2\/revisions"}],"predecessor-version":[{"id":1334,"href":"https:\/\/hpl.energy\/en\/wp-json\/wp\/v2\/pages\/2\/revisions\/1334"}],"wp:attachment":[{"href":"https:\/\/hpl.energy\/en\/wp-json\/wp\/v2\/media?parent=2"}],"curies":[{"name":"wp","href":"https:\/\/api.w.org\/{rel}","templated":true}]}}