{"id":210,"date":"2023-10-25T07:25:34","date_gmt":"2023-10-25T07:25:34","guid":{"rendered":"https:\/\/hpl.energy\/?page_id=210"},"modified":"2024-08-19T16:14:29","modified_gmt":"2024-08-19T16:14:29","slug":"feldtest-im-labor","status":"publish","type":"page","link":"https:\/\/hpl.energy\/en\/leistungen\/feldtest-im-labor\/","title":{"rendered":"Field Test in the Lab"},"content":{"rendered":"<div data-elementor-type=\"wp-page\" data-elementor-id=\"210\" class=\"elementor elementor-210\" data-elementor-post-type=\"page\">\n\t\t\t\t<div class=\"elementor-element elementor-element-bea4261 e-flex e-con-boxed e-con e-parent\" data-id=\"bea4261\" data-element_type=\"container\" data-e-type=\"container\">\n\t\t\t\t\t<div class=\"e-con-inner\">\n\t\t<div class=\"elementor-element elementor-element-6c60f11 e-con-full e-flex e-con e-child\" data-id=\"6c60f11\" data-element_type=\"container\" data-e-type=\"container\">\n\t\t\t\t<div class=\"elementor-element elementor-element-9bd5bfa elementor-invisible elementor-widget elementor-widget-text-editor\" data-id=\"9bd5bfa\" data-element_type=\"widget\" data-e-type=\"widget\" data-settings=\"{&quot;_animation&quot;:&quot;fadeInUp&quot;}\" data-widget_type=\"text-editor.default\">\n\t\t\t\t<div class=\"elementor-widget-container\">\n\t\t\t\t\t\t\t\t\tField Test in the Lab\t\t\t\t\t\t\t\t<\/div>\n\t\t\t\t<\/div>\n\t\t\t\t<div class=\"elementor-element elementor-element-63ba6bb elementor-invisible elementor-widget elementor-widget-text-editor\" data-id=\"63ba6bb\" data-element_type=\"widget\" data-e-type=\"widget\" data-settings=\"{&quot;_animation&quot;:&quot;fadeInUp&quot;}\" data-widget_type=\"text-editor.default\">\n\t\t\t\t<div class=\"elementor-widget-container\">\n\t\t\t\t\t\t\t\t\t<p><span data-contrast=\"auto\">The building energy systems of tomorrow are becoming more complex and diverse. With our hardware-in-the-loop process, we bring an entire building energy system into our laboratories and thus combine the field's advantages with the laboratory's benefits.<\/span><span data-ccp-props=\"{&quot;201341983&quot;:0,&quot;335559739&quot;:160,&quot;335559740&quot;:259}\">\u00a0<\/span><\/p>\t\t\t\t\t\t\t\t<\/div>\n\t\t\t\t<\/div>\n\t\t\t\t<\/div>\n\t\t\t\t\t<\/div>\n\t\t\t\t<\/div>\n\t\t<div class=\"elementor-element elementor-element-4dbe7f5 e-flex e-con-boxed e-con e-parent\" data-id=\"4dbe7f5\" data-element_type=\"container\" data-e-type=\"container\">\n\t\t\t\t\t<div class=\"e-con-inner\">\n\t\t<div class=\"elementor-element elementor-element-5eaeca2 e-flex e-con-boxed e-con e-child\" data-id=\"5eaeca2\" data-element_type=\"container\" data-e-type=\"container\">\n\t\t\t\t\t<div class=\"e-con-inner\">\n\t\t\t\t<div class=\"elementor-element elementor-element-8564785 elementor-invisible elementor-widget elementor-widget-image\" data-id=\"8564785\" data-element_type=\"widget\" data-e-type=\"widget\" data-settings=\"{&quot;_animation&quot;:&quot;fadeInUp&quot;}\" data-widget_type=\"image.default\">\n\t\t\t\t<div class=\"elementor-widget-container\">\n\t\t\t\t\t\t\t\t\t\t\t\t\t\t\t<img fetchpriority=\"high\" decoding=\"async\" width=\"1024\" height=\"335\" src=\"https:\/\/hpl.energy\/wp-content\/uploads\/2024\/08\/240613_HPL-Grafik-1-Website-Englisch.webp\" class=\"attachment-large size-large wp-image-1419\" alt=\"\" srcset=\"https:\/\/hpl.energy\/wp-content\/uploads\/2024\/08\/240613_HPL-Grafik-1-Website-Englisch.webp 1920w, https:\/\/hpl.energy\/wp-content\/uploads\/2024\/08\/240613_HPL-Grafik-1-Website-Englisch-300x98.webp 300w, https:\/\/hpl.energy\/wp-content\/uploads\/2024\/08\/240613_HPL-Grafik-1-Website-Englisch-1024x335.webp 1024w, https:\/\/hpl.energy\/wp-content\/uploads\/2024\/08\/240613_HPL-Grafik-1-Website-Englisch-768x251.webp 768w, https:\/\/hpl.energy\/wp-content\/uploads\/2024\/08\/240613_HPL-Grafik-1-Website-Englisch-1536x502.webp 1536w, https:\/\/hpl.energy\/wp-content\/uploads\/2024\/08\/240613_HPL-Grafik-1-Website-Englisch-18x6.webp 18w\" sizes=\"(max-width: 1024px) 100vw, 1024px\" \/>\t\t\t\t\t\t\t\t\t\t\t\t\t\t\t<\/div>\n\t\t\t\t<\/div>\n\t\t\t\t\t<\/div>\n\t\t\t\t<\/div>\n\t\t\t\t\t<\/div>\n\t\t\t\t<\/div>\n\t\t<div class=\"elementor-element elementor-element-87f6b65 e-flex e-con-boxed e-con e-parent\" data-id=\"87f6b65\" data-element_type=\"container\" data-e-type=\"container\">\n\t\t\t\t\t<div class=\"e-con-inner\">\n\t\t<div class=\"elementor-element elementor-element-f3d5ade e-flex e-con-boxed e-con e-child\" data-id=\"f3d5ade\" data-element_type=\"container\" data-e-type=\"container\">\n\t\t\t\t\t<div class=\"e-con-inner\">\n\t\t\t\t<div class=\"elementor-element elementor-element-84eef1e elementor-invisible elementor-widget elementor-widget-text-editor\" data-id=\"84eef1e\" data-element_type=\"widget\" data-e-type=\"widget\" data-settings=\"{&quot;_animation&quot;:&quot;fadeInUp&quot;}\" data-widget_type=\"text-editor.default\">\n\t\t\t\t<div class=\"elementor-widget-container\">\n\t\t\t\t\t\t\t\t\t<p class=\"translation-block\"><span data-contrast=\"auto\">With our<\/span><b><span data-contrast=\"auto\"> hardware-in-the-loop approach<\/span><\/b><span data-contrast=\"auto\"> for building energy systems, real hardware is coupled with dynamic simulation models in real-time. The boundary between hardware and simulation is freely selectable. However, the energy conversion system's complex components, such as a heat pump or a PV inverter, are installed as real hardware in the laboratory. Components that are not part of the technical supply system, such as the building envelope, can be represented by a dynamic simulation. After coupling the existing hardware with the modeled software, the states of the components are interdependent. If an air-water heat pump is in a defrost cycle, for example, the rooms in the building cool down over time. This means that highly dynamic tests can be carried out under a wide range of boundary conditions and with high repeatability.<\/p><p><span data-contrast=\"auto\">This means that prototypes of heat pumps, for example, can be subjected to dynamic and realistic tests at an early stage of development. The early detection of weak points reduces development costs and results in robustly functioning systems.\u00a0<\/span><span style=\"color: var( --e-global-color-3feb5b5 ); text-align: var(--text-align); background-color: var(--nv-site-bg); font-size: var(--bodyfontsize); letter-spacing: var(--bodyletterspacing); text-transform: var(--bodytexttransform);\">bereits\u00a0<\/span><span style=\"color: var( --e-global-color-3feb5b5 ); text-align: var(--text-align); background-color: var(--nv-site-bg); font-size: var(--bodyfontsize); letter-spacing: var(--bodyletterspacing); text-transform: var(--bodytexttransform);\" data-contrast=\"auto\">im fr\u00fchen Entwicklungsstadium dynamische und realit\u00e4tsnahe Tests unterzogen werden. Das fr\u00fchzeitige Aufdecken von Schwachstellen reduziert Entwicklungskosten und resultiert in robust funktionierende Systeme.\u00a0<\/span><span style=\"color: var( --e-global-color-3feb5b5 ); text-align: var(--text-align); background-color: var(--nv-site-bg); font-size: var(--bodyfontsize); letter-spacing: var(--bodyletterspacing); text-transform: var(--bodytexttransform);\" data-ccp-props=\"{&quot;201341983&quot;:0,&quot;335559739&quot;:160,&quot;335559740&quot;:259}\">\u00a0<\/span><\/p><p><span data-contrast=\"auto\">In addition to critical economic and ecological figures relating to the energy conversion system, our infrastructure also allows us to evaluate parameters from the simulation, such as user comfort. This way, the hardware-in-the-loop process evaluates the interaction between the heat source and the heat sink. This makes it possible, for example, to measure the hydraulic integration of the systems and compare different concepts. <\/span><span data-ccp-props=\"{&quot;201341983&quot;:0,&quot;335559739&quot;:160,&quot;335559740&quot;:259}\">\u00a0<\/span><\/p><p><span data-contrast=\"auto\">Annual key figures are often of particular importance and present laboratories with major challenges, which we meet scientifically. Our methodology uses a mathematical clustering process to determine representative days that a building energy system is subject to over the year. Using our hardware-in-the-loop approach enables us to determine annual key figures in just a few days.<\/span><span data-ccp-props=\"{&quot;201341983&quot;:0,&quot;335559739&quot;:160,&quot;335559740&quot;:259}\"> <br \/><\/span><\/p>\t\t\t\t\t\t\t\t<\/div>\n\t\t\t\t<\/div>\n\t\t\t\t\t<\/div>\n\t\t\t\t<\/div>\n\t\t\t\t\t<\/div>\n\t\t\t\t<\/div>\n\t\t\t\t<\/div>","protected":false},"excerpt":{"rendered":"<p>Feldtest im Labor Die Geb\u00e4udeenergiesysteme von morgen werden komplexer und vielf\u00e4ltiger. Mit unserem Hardware-in-the-Loop-Verfahren bringen wir ein gesamtes Geb\u00e4udeenergiesystem in unsere Labore und vereinen damit die Vorteile aus dem Feld&hellip;&nbsp;<\/p>","protected":false},"author":1,"featured_media":0,"parent":2,"menu_order":0,"comment_status":"closed","ping_status":"closed","template":"page-templates\/template-pagebuilder-full-width.php","meta":{"neve_meta_sidebar":"","neve_meta_container":"","neve_meta_enable_content_width":"","neve_meta_content_width":0,"neve_meta_title_alignment":"","neve_meta_author_avatar":"","neve_post_elements_order":"","neve_meta_disable_header":"off","neve_meta_disable_footer":"","neve_meta_disable_title":"on","footnotes":""},"class_list":["post-210","page","type-page","status-publish","hentry"],"yoast_head":"<!-- This site is optimized with the Yoast SEO plugin v27.5 - https:\/\/yoast.com\/product\/yoast-seo-wordpress\/ -->\n<title>Feldtest im Labor - HPL<\/title>\n<meta name=\"robots\" content=\"index, follow, max-snippet:-1, max-image-preview:large, max-video-preview:-1\" \/>\n<link rel=\"canonical\" href=\"https:\/\/hpl.energy\/en\/leistungen\/feldtest-im-labor\/\" \/>\n<meta property=\"og:locale\" content=\"en_US\" \/>\n<meta property=\"og:type\" content=\"article\" \/>\n<meta property=\"og:title\" content=\"Feldtest im Labor - HPL\" \/>\n<meta property=\"og:description\" content=\"Feldtest im Labor Die Geb\u00e4udeenergiesysteme von morgen werden komplexer und vielf\u00e4ltiger. Mit unserem Hardware-in-the-Loop-Verfahren bringen wir ein gesamtes Geb\u00e4udeenergiesystem in unsere Labore und vereinen damit die Vorteile aus dem Feld&hellip;&nbsp;\" \/>\n<meta property=\"og:url\" content=\"https:\/\/hpl.energy\/en\/leistungen\/feldtest-im-labor\/\" \/>\n<meta property=\"og:site_name\" content=\"HPL\" \/>\n<meta property=\"article:modified_time\" content=\"2024-08-19T16:14:29+00:00\" \/>\n<meta property=\"og:image\" content=\"https:\/\/hpl.energy\/wp-content\/uploads\/2024\/08\/240613_HPL-Grafik-1-Website-Deutsch-1024x335.webp\" \/>\n<meta name=\"twitter:card\" content=\"summary_large_image\" \/>\n<meta name=\"twitter:label1\" content=\"Est. reading time\" \/>\n\t<meta name=\"twitter:data1\" content=\"2 minutes\" \/>\n<script type=\"application\/ld+json\" class=\"yoast-schema-graph\">{\"@context\":\"https:\\\/\\\/schema.org\",\"@graph\":[{\"@type\":\"WebPage\",\"@id\":\"https:\\\/\\\/hpl.energy\\\/leistungen\\\/feldtest-im-labor\\\/\",\"url\":\"https:\\\/\\\/hpl.energy\\\/leistungen\\\/feldtest-im-labor\\\/\",\"name\":\"Feldtest im Labor - HPL\",\"isPartOf\":{\"@id\":\"https:\\\/\\\/hpl.energy\\\/#website\"},\"primaryImageOfPage\":{\"@id\":\"https:\\\/\\\/hpl.energy\\\/leistungen\\\/feldtest-im-labor\\\/#primaryimage\"},\"image\":{\"@id\":\"https:\\\/\\\/hpl.energy\\\/leistungen\\\/feldtest-im-labor\\\/#primaryimage\"},\"thumbnailUrl\":\"https:\\\/\\\/hpl.energy\\\/wp-content\\\/uploads\\\/2024\\\/08\\\/240613_HPL-Grafik-1-Website-Deutsch-1024x335.webp\",\"datePublished\":\"2023-10-25T07:25:34+00:00\",\"dateModified\":\"2024-08-19T16:14:29+00:00\",\"breadcrumb\":{\"@id\":\"https:\\\/\\\/hpl.energy\\\/leistungen\\\/feldtest-im-labor\\\/#breadcrumb\"},\"inLanguage\":\"en-US\",\"potentialAction\":[{\"@type\":\"ReadAction\",\"target\":[\"https:\\\/\\\/hpl.energy\\\/leistungen\\\/feldtest-im-labor\\\/\"]}]},{\"@type\":\"ImageObject\",\"inLanguage\":\"en-US\",\"@id\":\"https:\\\/\\\/hpl.energy\\\/leistungen\\\/feldtest-im-labor\\\/#primaryimage\",\"url\":\"https:\\\/\\\/hpl.energy\\\/wp-content\\\/uploads\\\/2024\\\/08\\\/240613_HPL-Grafik-1-Website-Deutsch-1024x335.webp\",\"contentUrl\":\"https:\\\/\\\/hpl.energy\\\/wp-content\\\/uploads\\\/2024\\\/08\\\/240613_HPL-Grafik-1-Website-Deutsch-1024x335.webp\"},{\"@type\":\"BreadcrumbList\",\"@id\":\"https:\\\/\\\/hpl.energy\\\/leistungen\\\/feldtest-im-labor\\\/#breadcrumb\",\"itemListElement\":[{\"@type\":\"ListItem\",\"position\":1,\"name\":\"Startseite\",\"item\":\"https:\\\/\\\/hpl.energy\\\/\"},{\"@type\":\"ListItem\",\"position\":2,\"name\":\"Leistungen\",\"item\":\"https:\\\/\\\/hpl.energy\\\/leistungen\\\/\"},{\"@type\":\"ListItem\",\"position\":3,\"name\":\"Feldtest im Labor\"}]},{\"@type\":\"WebSite\",\"@id\":\"https:\\\/\\\/hpl.energy\\\/#website\",\"url\":\"https:\\\/\\\/hpl.energy\\\/\",\"name\":\"HPL\",\"description\":\"Heating Perfomance Lab\",\"potentialAction\":[{\"@type\":\"SearchAction\",\"target\":{\"@type\":\"EntryPoint\",\"urlTemplate\":\"https:\\\/\\\/hpl.energy\\\/?s={search_term_string}\"},\"query-input\":{\"@type\":\"PropertyValueSpecification\",\"valueRequired\":true,\"valueName\":\"search_term_string\"}}],\"inLanguage\":\"en-US\"}]}<\/script>\n<!-- \/ Yoast SEO plugin. -->","yoast_head_json":{"title":"Feldtest im Labor - HPL","robots":{"index":"index","follow":"follow","max-snippet":"max-snippet:-1","max-image-preview":"max-image-preview:large","max-video-preview":"max-video-preview:-1"},"canonical":"https:\/\/hpl.energy\/en\/leistungen\/feldtest-im-labor\/","og_locale":"en_US","og_type":"article","og_title":"Feldtest im Labor - HPL","og_description":"Feldtest im Labor Die Geb\u00e4udeenergiesysteme von morgen werden komplexer und vielf\u00e4ltiger. Mit unserem Hardware-in-the-Loop-Verfahren bringen wir ein gesamtes Geb\u00e4udeenergiesystem in unsere Labore und vereinen damit die Vorteile aus dem Feld&hellip;&nbsp;","og_url":"https:\/\/hpl.energy\/en\/leistungen\/feldtest-im-labor\/","og_site_name":"HPL","article_modified_time":"2024-08-19T16:14:29+00:00","og_image":[{"url":"https:\/\/hpl.energy\/wp-content\/uploads\/2024\/08\/240613_HPL-Grafik-1-Website-Deutsch-1024x335.webp","type":"","width":"","height":""}],"twitter_card":"summary_large_image","twitter_misc":{"Est. reading time":"2 minutes"},"schema":{"@context":"https:\/\/schema.org","@graph":[{"@type":"WebPage","@id":"https:\/\/hpl.energy\/leistungen\/feldtest-im-labor\/","url":"https:\/\/hpl.energy\/leistungen\/feldtest-im-labor\/","name":"Feldtest im Labor - HPL","isPartOf":{"@id":"https:\/\/hpl.energy\/#website"},"primaryImageOfPage":{"@id":"https:\/\/hpl.energy\/leistungen\/feldtest-im-labor\/#primaryimage"},"image":{"@id":"https:\/\/hpl.energy\/leistungen\/feldtest-im-labor\/#primaryimage"},"thumbnailUrl":"https:\/\/hpl.energy\/wp-content\/uploads\/2024\/08\/240613_HPL-Grafik-1-Website-Deutsch-1024x335.webp","datePublished":"2023-10-25T07:25:34+00:00","dateModified":"2024-08-19T16:14:29+00:00","breadcrumb":{"@id":"https:\/\/hpl.energy\/leistungen\/feldtest-im-labor\/#breadcrumb"},"inLanguage":"en-US","potentialAction":[{"@type":"ReadAction","target":["https:\/\/hpl.energy\/leistungen\/feldtest-im-labor\/"]}]},{"@type":"ImageObject","inLanguage":"en-US","@id":"https:\/\/hpl.energy\/leistungen\/feldtest-im-labor\/#primaryimage","url":"https:\/\/hpl.energy\/wp-content\/uploads\/2024\/08\/240613_HPL-Grafik-1-Website-Deutsch-1024x335.webp","contentUrl":"https:\/\/hpl.energy\/wp-content\/uploads\/2024\/08\/240613_HPL-Grafik-1-Website-Deutsch-1024x335.webp"},{"@type":"BreadcrumbList","@id":"https:\/\/hpl.energy\/leistungen\/feldtest-im-labor\/#breadcrumb","itemListElement":[{"@type":"ListItem","position":1,"name":"Startseite","item":"https:\/\/hpl.energy\/"},{"@type":"ListItem","position":2,"name":"Leistungen","item":"https:\/\/hpl.energy\/leistungen\/"},{"@type":"ListItem","position":3,"name":"Feldtest im Labor"}]},{"@type":"WebSite","@id":"https:\/\/hpl.energy\/#website","url":"https:\/\/hpl.energy\/","name":"HPL","description":"Heating Perfomance Lab","potentialAction":[{"@type":"SearchAction","target":{"@type":"EntryPoint","urlTemplate":"https:\/\/hpl.energy\/?s={search_term_string}"},"query-input":{"@type":"PropertyValueSpecification","valueRequired":true,"valueName":"search_term_string"}}],"inLanguage":"en-US"}]}},"_links":{"self":[{"href":"https:\/\/hpl.energy\/en\/wp-json\/wp\/v2\/pages\/210","targetHints":{"allow":["GET"]}}],"collection":[{"href":"https:\/\/hpl.energy\/en\/wp-json\/wp\/v2\/pages"}],"about":[{"href":"https:\/\/hpl.energy\/en\/wp-json\/wp\/v2\/types\/page"}],"author":[{"embeddable":true,"href":"https:\/\/hpl.energy\/en\/wp-json\/wp\/v2\/users\/1"}],"replies":[{"embeddable":true,"href":"https:\/\/hpl.energy\/en\/wp-json\/wp\/v2\/comments?post=210"}],"version-history":[{"count":76,"href":"https:\/\/hpl.energy\/en\/wp-json\/wp\/v2\/pages\/210\/revisions"}],"predecessor-version":[{"id":1425,"href":"https:\/\/hpl.energy\/en\/wp-json\/wp\/v2\/pages\/210\/revisions\/1425"}],"up":[{"embeddable":true,"href":"https:\/\/hpl.energy\/en\/wp-json\/wp\/v2\/pages\/2"}],"wp:attachment":[{"href":"https:\/\/hpl.energy\/en\/wp-json\/wp\/v2\/media?parent=210"}],"curies":[{"name":"wp","href":"https:\/\/api.w.org\/{rel}","templated":true}]}}