{"id":228,"date":"2023-10-25T09:27:32","date_gmt":"2023-10-25T09:27:32","guid":{"rendered":"https:\/\/hpl.energy\/?page_id=228"},"modified":"2024-03-06T09:31:09","modified_gmt":"2024-03-06T09:31:09","slug":"beratung-und-entwicklung","status":"publish","type":"page","link":"https:\/\/hpl.energy\/en\/leistungen\/beratung-und-entwicklung\/","title":{"rendered":"Test Bench Development"},"content":{"rendered":"<div data-elementor-type=\"wp-page\" data-elementor-id=\"228\" class=\"elementor elementor-228\" data-elementor-post-type=\"page\">\n\t\t\t\t<div class=\"elementor-element elementor-element-e522852 e-flex e-con-boxed e-con e-parent\" data-id=\"e522852\" data-element_type=\"container\" data-e-type=\"container\">\n\t\t\t\t\t<div class=\"e-con-inner\">\n\t\t<div class=\"elementor-element elementor-element-3f327be e-con-full e-flex e-con e-child\" data-id=\"3f327be\" data-element_type=\"container\" data-e-type=\"container\">\n\t\t\t\t<div class=\"elementor-element elementor-element-438c956 elementor-invisible elementor-widget elementor-widget-text-editor\" data-id=\"438c956\" data-element_type=\"widget\" data-e-type=\"widget\" data-settings=\"{&quot;_animation&quot;:&quot;fadeInUp&quot;}\" data-widget_type=\"text-editor.default\">\n\t\t\t\t<div class=\"elementor-widget-container\">\n\t\t\t\t\t\t\t\t\t<p>Test Bench Development<\/p>\t\t\t\t\t\t\t\t<\/div>\n\t\t\t\t<\/div>\n\t\t\t\t<div class=\"elementor-element elementor-element-f61e49f elementor-invisible elementor-widget elementor-widget-text-editor\" data-id=\"f61e49f\" data-element_type=\"widget\" data-e-type=\"widget\" data-settings=\"{&quot;_animation&quot;:&quot;fadeInUp&quot;}\" data-widget_type=\"text-editor.default\">\n\t\t\t\t<div class=\"elementor-widget-container\">\n\t\t\t\t\t\t\t\t\t<p>Our team possesses many years of experience in setting up and operating test bench infrastructures for the energy systems of tomorrow. We transfer the expertise gathered at the Institute for Energy Efficient Buildings and Indoor Climate at RWTH Aachen University to our laboratories.<\/p><p><span data-ccp-props=\"{&quot;201341983&quot;:0,&quot;335559739&quot;:160,&quot;335559740&quot;:259}\">\u00a0<\/span><\/p>\t\t\t\t\t\t\t\t<\/div>\n\t\t\t\t<\/div>\n\t\t\t\t<\/div>\n\t\t\t\t\t<\/div>\n\t\t\t\t<\/div>\n\t\t<div class=\"elementor-element elementor-element-23ed268 e-flex e-con-boxed e-con e-parent\" data-id=\"23ed268\" data-element_type=\"container\" data-e-type=\"container\">\n\t\t\t\t\t<div class=\"e-con-inner\">\n\t\t<div class=\"elementor-element elementor-element-9182cc7 e-con-full e-flex e-con e-child\" data-id=\"9182cc7\" data-element_type=\"container\" data-e-type=\"container\">\n\t\t\t\t<div class=\"elementor-element elementor-element-64641f9 elementor-invisible elementor-widget elementor-widget-image\" data-id=\"64641f9\" data-element_type=\"widget\" data-e-type=\"widget\" data-settings=\"{&quot;_animation&quot;:&quot;fadeInUp&quot;}\" data-widget_type=\"image.default\">\n\t\t\t\t<div class=\"elementor-widget-container\">\n\t\t\t\t\t\t\t\t\t\t\t\t\t\t\t<img fetchpriority=\"high\" decoding=\"async\" width=\"1256\" height=\"485\" src=\"https:\/\/hpl.energy\/wp-content\/uploads\/2024\/02\/Pruefstandsentwicklung_Grafana2.webp\" class=\"attachment-1536x1536 size-1536x1536 wp-image-1097\" alt=\"\" srcset=\"https:\/\/hpl.energy\/wp-content\/uploads\/2024\/02\/Pruefstandsentwicklung_Grafana2.webp 1256w, https:\/\/hpl.energy\/wp-content\/uploads\/2024\/02\/Pruefstandsentwicklung_Grafana2-300x116.webp 300w, https:\/\/hpl.energy\/wp-content\/uploads\/2024\/02\/Pruefstandsentwicklung_Grafana2-1024x395.webp 1024w, https:\/\/hpl.energy\/wp-content\/uploads\/2024\/02\/Pruefstandsentwicklung_Grafana2-768x297.webp 768w, https:\/\/hpl.energy\/wp-content\/uploads\/2024\/02\/Pruefstandsentwicklung_Grafana2-18x7.webp 18w\" sizes=\"(max-width: 1256px) 100vw, 1256px\" \/>\t\t\t\t\t\t\t\t\t\t\t\t\t\t\t<\/div>\n\t\t\t\t<\/div>\n\t\t\t\t<\/div>\n\t\t\t\t\t<\/div>\n\t\t\t\t<\/div>\n\t\t<div class=\"elementor-element elementor-element-adef200 e-flex e-con-boxed e-con e-parent\" data-id=\"adef200\" data-element_type=\"container\" data-e-type=\"container\">\n\t\t\t\t\t<div class=\"e-con-inner\">\n\t\t\t\t<div class=\"elementor-element elementor-element-c1877c3 elementor-invisible elementor-widget elementor-widget-text-editor\" data-id=\"c1877c3\" data-element_type=\"widget\" data-e-type=\"widget\" data-settings=\"{&quot;_animation&quot;:&quot;fadeInUp&quot;}\" data-widget_type=\"text-editor.default\">\n\t\t\t\t<div class=\"elementor-widget-container\">\n\t\t\t\t\t\t\t\t\t<p>A significant advantage of our test benches is the high degree of digitalization. We offer a robust toolchain from the sensor to the PLC to the cloud and automated post-processing. Our test benches do not require a test bench engineer on site; our test benches are digital, remote and flexible. We support you in the design, construction and digitalization of new and existing infrastructures.<\/p><ul><li><em>Toolchain: From PLC to the cloud to post processing<\/em><\/li><li><em>Digitization of test bench infrastructures<\/em><\/li><li><em>Design and construction of test benches<\/em><\/li><\/ul>\t\t\t\t\t\t\t\t<\/div>\n\t\t\t\t<\/div>\n\t\t\t\t\t<\/div>\n\t\t\t\t<\/div>\n\t\t\t\t<\/div>","protected":false},"excerpt":{"rendered":"<p>Pr\u00fcfstandsentwicklung Unser Team besitzt jahrelange Erfahrung im Aufbau und Betrieb von Pr\u00fcfstandsinfrastrukturen f\u00fcr die Energiesysteme von morgen. Die am Lehrstuhl f\u00fcr Geb\u00e4ude- und Raumklimatechnik der RWTH Aachen gesammelte Expertise \u00fcberf\u00fchren&hellip;&nbsp;<\/p>","protected":false},"author":1,"featured_media":0,"parent":2,"menu_order":0,"comment_status":"closed","ping_status":"closed","template":"page-templates\/template-pagebuilder-full-width.php","meta":{"neve_meta_sidebar":"","neve_meta_container":"","neve_meta_enable_content_width":"","neve_meta_content_width":0,"neve_meta_title_alignment":"","neve_meta_author_avatar":"","neve_post_elements_order":"","neve_meta_disable_header":"","neve_meta_disable_footer":"","neve_meta_disable_title":"on","footnotes":""},"class_list":["post-228","page","type-page","status-publish","hentry"],"yoast_head":"<!-- This site is optimized with the Yoast SEO plugin v27.5 - https:\/\/yoast.com\/product\/yoast-seo-wordpress\/ -->\n<title>Pr\u00fcfstandsentwicklung - HPL<\/title>\n<meta name=\"robots\" content=\"index, follow, max-snippet:-1, max-image-preview:large, max-video-preview:-1\" \/>\n<link rel=\"canonical\" href=\"https:\/\/hpl.energy\/en\/leistungen\/beratung-und-entwicklung\/\" \/>\n<meta property=\"og:locale\" content=\"en_US\" \/>\n<meta property=\"og:type\" content=\"article\" \/>\n<meta property=\"og:title\" content=\"Pr\u00fcfstandsentwicklung - HPL\" \/>\n<meta property=\"og:description\" content=\"Pr\u00fcfstandsentwicklung Unser Team besitzt jahrelange Erfahrung im Aufbau und Betrieb von Pr\u00fcfstandsinfrastrukturen f\u00fcr die Energiesysteme von morgen. Die am Lehrstuhl f\u00fcr Geb\u00e4ude- und Raumklimatechnik der RWTH Aachen gesammelte Expertise \u00fcberf\u00fchren&hellip;&nbsp;\" \/>\n<meta property=\"og:url\" content=\"https:\/\/hpl.energy\/en\/leistungen\/beratung-und-entwicklung\/\" \/>\n<meta property=\"og:site_name\" content=\"HPL\" \/>\n<meta property=\"article:modified_time\" content=\"2024-03-06T09:31:09+00:00\" \/>\n<meta property=\"og:image\" content=\"http:\/\/hpl.energy\/wp-content\/uploads\/2024\/02\/Pruefstandsentwicklung_Grafana2.png\" \/>\n<meta name=\"twitter:card\" content=\"summary_large_image\" \/>\n<meta name=\"twitter:label1\" content=\"Est. reading time\" \/>\n\t<meta name=\"twitter:data1\" content=\"1 minute\" \/>\n<script type=\"application\/ld+json\" class=\"yoast-schema-graph\">{\"@context\":\"https:\\\/\\\/schema.org\",\"@graph\":[{\"@type\":\"WebPage\",\"@id\":\"https:\\\/\\\/hpl.energy\\\/leistungen\\\/beratung-und-entwicklung\\\/\",\"url\":\"https:\\\/\\\/hpl.energy\\\/leistungen\\\/beratung-und-entwicklung\\\/\",\"name\":\"Pr\u00fcfstandsentwicklung - HPL\",\"isPartOf\":{\"@id\":\"https:\\\/\\\/hpl.energy\\\/#website\"},\"primaryImageOfPage\":{\"@id\":\"https:\\\/\\\/hpl.energy\\\/leistungen\\\/beratung-und-entwicklung\\\/#primaryimage\"},\"image\":{\"@id\":\"https:\\\/\\\/hpl.energy\\\/leistungen\\\/beratung-und-entwicklung\\\/#primaryimage\"},\"thumbnailUrl\":\"http:\\\/\\\/hpl.energy\\\/wp-content\\\/uploads\\\/2024\\\/02\\\/Pruefstandsentwicklung_Grafana2.png\",\"datePublished\":\"2023-10-25T09:27:32+00:00\",\"dateModified\":\"2024-03-06T09:31:09+00:00\",\"breadcrumb\":{\"@id\":\"https:\\\/\\\/hpl.energy\\\/leistungen\\\/beratung-und-entwicklung\\\/#breadcrumb\"},\"inLanguage\":\"en-US\",\"potentialAction\":[{\"@type\":\"ReadAction\",\"target\":[\"https:\\\/\\\/hpl.energy\\\/leistungen\\\/beratung-und-entwicklung\\\/\"]}]},{\"@type\":\"ImageObject\",\"inLanguage\":\"en-US\",\"@id\":\"https:\\\/\\\/hpl.energy\\\/leistungen\\\/beratung-und-entwicklung\\\/#primaryimage\",\"url\":\"http:\\\/\\\/hpl.energy\\\/wp-content\\\/uploads\\\/2024\\\/02\\\/Pruefstandsentwicklung_Grafana2.png\",\"contentUrl\":\"http:\\\/\\\/hpl.energy\\\/wp-content\\\/uploads\\\/2024\\\/02\\\/Pruefstandsentwicklung_Grafana2.png\"},{\"@type\":\"BreadcrumbList\",\"@id\":\"https:\\\/\\\/hpl.energy\\\/leistungen\\\/beratung-und-entwicklung\\\/#breadcrumb\",\"itemListElement\":[{\"@type\":\"ListItem\",\"position\":1,\"name\":\"Startseite\",\"item\":\"https:\\\/\\\/hpl.energy\\\/\"},{\"@type\":\"ListItem\",\"position\":2,\"name\":\"Leistungen\",\"item\":\"https:\\\/\\\/hpl.energy\\\/leistungen\\\/\"},{\"@type\":\"ListItem\",\"position\":3,\"name\":\"Pr\u00fcfstandsentwicklung\"}]},{\"@type\":\"WebSite\",\"@id\":\"https:\\\/\\\/hpl.energy\\\/#website\",\"url\":\"https:\\\/\\\/hpl.energy\\\/\",\"name\":\"HPL\",\"description\":\"Heating Perfomance Lab\",\"potentialAction\":[{\"@type\":\"SearchAction\",\"target\":{\"@type\":\"EntryPoint\",\"urlTemplate\":\"https:\\\/\\\/hpl.energy\\\/?s={search_term_string}\"},\"query-input\":{\"@type\":\"PropertyValueSpecification\",\"valueRequired\":true,\"valueName\":\"search_term_string\"}}],\"inLanguage\":\"en-US\"}]}<\/script>\n<!-- \/ Yoast SEO plugin. -->","yoast_head_json":{"title":"Pr\u00fcfstandsentwicklung - HPL","robots":{"index":"index","follow":"follow","max-snippet":"max-snippet:-1","max-image-preview":"max-image-preview:large","max-video-preview":"max-video-preview:-1"},"canonical":"https:\/\/hpl.energy\/en\/leistungen\/beratung-und-entwicklung\/","og_locale":"en_US","og_type":"article","og_title":"Pr\u00fcfstandsentwicklung - HPL","og_description":"Pr\u00fcfstandsentwicklung Unser Team besitzt jahrelange Erfahrung im Aufbau und Betrieb von Pr\u00fcfstandsinfrastrukturen f\u00fcr die Energiesysteme von morgen. Die am Lehrstuhl f\u00fcr Geb\u00e4ude- und Raumklimatechnik der RWTH Aachen gesammelte Expertise \u00fcberf\u00fchren&hellip;&nbsp;","og_url":"https:\/\/hpl.energy\/en\/leistungen\/beratung-und-entwicklung\/","og_site_name":"HPL","article_modified_time":"2024-03-06T09:31:09+00:00","og_image":[{"url":"http:\/\/hpl.energy\/wp-content\/uploads\/2024\/02\/Pruefstandsentwicklung_Grafana2.png","type":"","width":"","height":""}],"twitter_card":"summary_large_image","twitter_misc":{"Est. reading time":"1 minute"},"schema":{"@context":"https:\/\/schema.org","@graph":[{"@type":"WebPage","@id":"https:\/\/hpl.energy\/leistungen\/beratung-und-entwicklung\/","url":"https:\/\/hpl.energy\/leistungen\/beratung-und-entwicklung\/","name":"Pr\u00fcfstandsentwicklung - HPL","isPartOf":{"@id":"https:\/\/hpl.energy\/#website"},"primaryImageOfPage":{"@id":"https:\/\/hpl.energy\/leistungen\/beratung-und-entwicklung\/#primaryimage"},"image":{"@id":"https:\/\/hpl.energy\/leistungen\/beratung-und-entwicklung\/#primaryimage"},"thumbnailUrl":"http:\/\/hpl.energy\/wp-content\/uploads\/2024\/02\/Pruefstandsentwicklung_Grafana2.png","datePublished":"2023-10-25T09:27:32+00:00","dateModified":"2024-03-06T09:31:09+00:00","breadcrumb":{"@id":"https:\/\/hpl.energy\/leistungen\/beratung-und-entwicklung\/#breadcrumb"},"inLanguage":"en-US","potentialAction":[{"@type":"ReadAction","target":["https:\/\/hpl.energy\/leistungen\/beratung-und-entwicklung\/"]}]},{"@type":"ImageObject","inLanguage":"en-US","@id":"https:\/\/hpl.energy\/leistungen\/beratung-und-entwicklung\/#primaryimage","url":"http:\/\/hpl.energy\/wp-content\/uploads\/2024\/02\/Pruefstandsentwicklung_Grafana2.png","contentUrl":"http:\/\/hpl.energy\/wp-content\/uploads\/2024\/02\/Pruefstandsentwicklung_Grafana2.png"},{"@type":"BreadcrumbList","@id":"https:\/\/hpl.energy\/leistungen\/beratung-und-entwicklung\/#breadcrumb","itemListElement":[{"@type":"ListItem","position":1,"name":"Startseite","item":"https:\/\/hpl.energy\/"},{"@type":"ListItem","position":2,"name":"Leistungen","item":"https:\/\/hpl.energy\/leistungen\/"},{"@type":"ListItem","position":3,"name":"Pr\u00fcfstandsentwicklung"}]},{"@type":"WebSite","@id":"https:\/\/hpl.energy\/#website","url":"https:\/\/hpl.energy\/","name":"HPL","description":"Heating Perfomance Lab","potentialAction":[{"@type":"SearchAction","target":{"@type":"EntryPoint","urlTemplate":"https:\/\/hpl.energy\/?s={search_term_string}"},"query-input":{"@type":"PropertyValueSpecification","valueRequired":true,"valueName":"search_term_string"}}],"inLanguage":"en-US"}]}},"_links":{"self":[{"href":"https:\/\/hpl.energy\/en\/wp-json\/wp\/v2\/pages\/228","targetHints":{"allow":["GET"]}}],"collection":[{"href":"https:\/\/hpl.energy\/en\/wp-json\/wp\/v2\/pages"}],"about":[{"href":"https:\/\/hpl.energy\/en\/wp-json\/wp\/v2\/types\/page"}],"author":[{"embeddable":true,"href":"https:\/\/hpl.energy\/en\/wp-json\/wp\/v2\/users\/1"}],"replies":[{"embeddable":true,"href":"https:\/\/hpl.energy\/en\/wp-json\/wp\/v2\/comments?post=228"}],"version-history":[{"count":36,"href":"https:\/\/hpl.energy\/en\/wp-json\/wp\/v2\/pages\/228\/revisions"}],"predecessor-version":[{"id":1374,"href":"https:\/\/hpl.energy\/en\/wp-json\/wp\/v2\/pages\/228\/revisions\/1374"}],"up":[{"embeddable":true,"href":"https:\/\/hpl.energy\/en\/wp-json\/wp\/v2\/pages\/2"}],"wp:attachment":[{"href":"https:\/\/hpl.energy\/en\/wp-json\/wp\/v2\/media?parent=228"}],"curies":[{"name":"wp","href":"https:\/\/api.w.org\/{rel}","templated":true}]}}