{"id":230,"date":"2023-10-25T09:28:38","date_gmt":"2023-10-25T09:28:38","guid":{"rendered":"https:\/\/hpl.energy\/?page_id=230"},"modified":"2024-03-06T09:34:39","modified_gmt":"2024-03-06T09:34:39","slug":"akkreditierte-messungen","status":"publish","type":"page","link":"https:\/\/hpl.energy\/en\/leistungen\/akkreditierte-messungen\/","title":{"rendered":"Accredited Measurements"},"content":{"rendered":"<div data-elementor-type=\"wp-page\" data-elementor-id=\"230\" class=\"elementor elementor-230\" data-elementor-post-type=\"page\">\n\t\t\t\t<div class=\"elementor-element elementor-element-4a83fca e-flex e-con-boxed e-con e-parent\" data-id=\"4a83fca\" data-element_type=\"container\" data-e-type=\"container\">\n\t\t\t\t\t<div class=\"e-con-inner\">\n\t\t<div class=\"elementor-element elementor-element-57e7b1d e-con-full e-flex e-con e-child\" data-id=\"57e7b1d\" data-element_type=\"container\" data-e-type=\"container\">\n\t\t\t\t<div class=\"elementor-element elementor-element-39a6c3b elementor-invisible elementor-widget elementor-widget-text-editor\" data-id=\"39a6c3b\" data-element_type=\"widget\" data-e-type=\"widget\" data-settings=\"{&quot;_animation&quot;:&quot;fadeInUp&quot;}\" data-widget_type=\"text-editor.default\">\n\t\t\t\t<div class=\"elementor-widget-container\">\n\t\t\t\t\t\t\t\t\t<p>Accredited Measurements<\/p>\t\t\t\t\t\t\t\t<\/div>\n\t\t\t\t<\/div>\n\t\t\t\t<div class=\"elementor-element elementor-element-d040070 elementor-widget__width-initial elementor-invisible elementor-widget elementor-widget-text-editor\" data-id=\"d040070\" data-element_type=\"widget\" data-e-type=\"widget\" data-settings=\"{&quot;_animation&quot;:&quot;fadeInUp&quot;}\" data-widget_type=\"text-editor.default\">\n\t\t\t\t<div class=\"elementor-widget-container\">\n\t\t\t\t\t\t\t\t\t<p>HPL GmbH is planning to accredit the test benches according to DIN EN ISO\/IEC17025. This will enable independent testing of heat pumps for the seals of quality:<\/p><ul><li>EHPA<\/li><li>CEN HP-Keymark<\/li><li>Erp (Energy related Products)<\/li><\/ul><p>The accreditation enables the performance and sound measurement of heat pumps in accordance with the standards:<\/p><ul><li>DIN EN 14511<\/li><li>DIN EN 14825<\/li><li>DIN EN 16147<\/li><li>DIN EN 12102<\/li><\/ul>\t\t\t\t\t\t\t\t<\/div>\n\t\t\t\t<\/div>\n\t\t\t\t<\/div>\n\t\t<div class=\"elementor-element elementor-element-0f3bf9c e-con-full e-flex e-con e-child\" data-id=\"0f3bf9c\" data-element_type=\"container\" data-e-type=\"container\">\n\t\t\t\t<div class=\"elementor-element elementor-element-f6b10fe elementor-invisible elementor-widget elementor-widget-image\" data-id=\"f6b10fe\" data-element_type=\"widget\" data-e-type=\"widget\" data-settings=\"{&quot;_animation&quot;:&quot;fadeInUp&quot;}\" data-widget_type=\"image.default\">\n\t\t\t\t<div class=\"elementor-widget-container\">\n\t\t\t\t\t\t\t\t\t\t\t\t\t\t\t<img fetchpriority=\"high\" decoding=\"async\" width=\"1024\" height=\"683\" src=\"https:\/\/hpl.energy\/wp-content\/uploads\/2024\/02\/stock-1863880_1920-1024x683.webp\" class=\"attachment-large size-large wp-image-1188\" alt=\"\" srcset=\"https:\/\/hpl.energy\/wp-content\/uploads\/2024\/02\/stock-1863880_1920-1024x683.webp 1024w, https:\/\/hpl.energy\/wp-content\/uploads\/2024\/02\/stock-1863880_1920-300x200.webp 300w, https:\/\/hpl.energy\/wp-content\/uploads\/2024\/02\/stock-1863880_1920-768x512.webp 768w, https:\/\/hpl.energy\/wp-content\/uploads\/2024\/02\/stock-1863880_1920-1536x1024.webp 1536w, https:\/\/hpl.energy\/wp-content\/uploads\/2024\/02\/stock-1863880_1920-18x12.webp 18w, https:\/\/hpl.energy\/wp-content\/uploads\/2024\/02\/stock-1863880_1920-930x620.webp 930w, https:\/\/hpl.energy\/wp-content\/uploads\/2024\/02\/stock-1863880_1920.webp 1920w\" sizes=\"(max-width: 1024px) 100vw, 1024px\" \/>\t\t\t\t\t\t\t\t\t\t\t\t\t\t\t<\/div>\n\t\t\t\t<\/div>\n\t\t\t\t<\/div>\n\t\t\t\t\t<\/div>\n\t\t\t\t<\/div>\n\t\t<div class=\"elementor-element elementor-element-fb705bc e-flex e-con-boxed e-con e-parent\" data-id=\"fb705bc\" data-element_type=\"container\" data-e-type=\"container\">\n\t\t\t\t\t<div class=\"e-con-inner\">\n\t\t\t\t<div class=\"elementor-element elementor-element-c678957 elementor-invisible elementor-widget elementor-widget-text-editor\" data-id=\"c678957\" data-element_type=\"widget\" data-e-type=\"widget\" data-settings=\"{&quot;_animation&quot;:&quot;fadeInUp&quot;}\" data-widget_type=\"text-editor.default\">\n\t\t\t\t<div class=\"elementor-widget-container\">\n\t\t\t\t\t\t\t\t\t<p><em>As a co-developer and supporter of load-based measurement methods <strong>HPL<\/strong> offers the measurement of heat pumps using the compensation method in accordance with the current <a href=\"https:\/\/netzwerke.bam.de\/Netzwerke\/Content\/DE\/Downloads\/Evpg\/Heizen-Kuehlen-Lueften\/bam%20test%20guideline%20-%20load-based%20testing%20of%20heat%20pumps%202023.pdf.html\">Guideline<\/a> of the Bundesanstalt f\u00fcr Materialforschung und -pr\u00fcfung.<\/em><\/p>\t\t\t\t\t\t\t\t<\/div>\n\t\t\t\t<\/div>\n\t\t\t\t\t<\/div>\n\t\t\t\t<\/div>\n\t\t\t\t<\/div>","protected":false},"excerpt":{"rendered":"<p>Akkreditierte Messungen Die HPL GmbH plant die Akkreditierung der Pr\u00fcfst\u00e4nde nach DIN EN ISO\/IEC17025. Dies erm\u00f6glicht die unabh\u00e4ngige Pr\u00fcfung von W\u00e4rmepumpen f\u00fcr die G\u00fctesiegel: EHPA CEN HP-Keymark Erp (Energy related&hellip;&nbsp;<\/p>","protected":false},"author":1,"featured_media":0,"parent":2,"menu_order":0,"comment_status":"closed","ping_status":"closed","template":"page-templates\/template-pagebuilder-full-width.php","meta":{"neve_meta_sidebar":"","neve_meta_container":"","neve_meta_enable_content_width":"","neve_meta_content_width":0,"neve_meta_title_alignment":"","neve_meta_author_avatar":"","neve_post_elements_order":"","neve_meta_disable_header":"","neve_meta_disable_footer":"","neve_meta_disable_title":"on","footnotes":""},"class_list":["post-230","page","type-page","status-publish","hentry"],"yoast_head":"<!-- This site is optimized with the Yoast SEO plugin v27.3 - https:\/\/yoast.com\/product\/yoast-seo-wordpress\/ -->\n<title>Akkreditierte Messungen - HPL<\/title>\n<meta name=\"robots\" content=\"index, follow, max-snippet:-1, max-image-preview:large, max-video-preview:-1\" \/>\n<link rel=\"canonical\" href=\"https:\/\/hpl.energy\/en\/leistungen\/akkreditierte-messungen\/\" \/>\n<meta property=\"og:locale\" content=\"en_US\" \/>\n<meta property=\"og:type\" content=\"article\" \/>\n<meta property=\"og:title\" content=\"Akkreditierte Messungen - HPL\" \/>\n<meta property=\"og:description\" content=\"Akkreditierte Messungen Die HPL GmbH plant die Akkreditierung der Pr\u00fcfst\u00e4nde nach DIN EN ISO\/IEC17025. Dies erm\u00f6glicht die unabh\u00e4ngige Pr\u00fcfung von W\u00e4rmepumpen f\u00fcr die G\u00fctesiegel: EHPA CEN HP-Keymark Erp (Energy related&hellip;&nbsp;\" \/>\n<meta property=\"og:url\" content=\"https:\/\/hpl.energy\/en\/leistungen\/akkreditierte-messungen\/\" \/>\n<meta property=\"og:site_name\" content=\"HPL\" \/>\n<meta property=\"article:modified_time\" content=\"2024-03-06T09:34:39+00:00\" \/>\n<meta property=\"og:image\" content=\"http:\/\/hpl.energy\/wp-content\/uploads\/2024\/02\/stock-1863880_1920-1024x683.jpg\" \/>\n<meta name=\"twitter:card\" content=\"summary_large_image\" \/>\n<script type=\"application\/ld+json\" class=\"yoast-schema-graph\">{\"@context\":\"https:\\\/\\\/schema.org\",\"@graph\":[{\"@type\":\"WebPage\",\"@id\":\"https:\\\/\\\/hpl.energy\\\/leistungen\\\/akkreditierte-messungen\\\/\",\"url\":\"https:\\\/\\\/hpl.energy\\\/leistungen\\\/akkreditierte-messungen\\\/\",\"name\":\"Akkreditierte Messungen - HPL\",\"isPartOf\":{\"@id\":\"https:\\\/\\\/hpl.energy\\\/#website\"},\"primaryImageOfPage\":{\"@id\":\"https:\\\/\\\/hpl.energy\\\/leistungen\\\/akkreditierte-messungen\\\/#primaryimage\"},\"image\":{\"@id\":\"https:\\\/\\\/hpl.energy\\\/leistungen\\\/akkreditierte-messungen\\\/#primaryimage\"},\"thumbnailUrl\":\"http:\\\/\\\/hpl.energy\\\/wp-content\\\/uploads\\\/2024\\\/02\\\/stock-1863880_1920-1024x683.jpg\",\"datePublished\":\"2023-10-25T09:28:38+00:00\",\"dateModified\":\"2024-03-06T09:34:39+00:00\",\"breadcrumb\":{\"@id\":\"https:\\\/\\\/hpl.energy\\\/leistungen\\\/akkreditierte-messungen\\\/#breadcrumb\"},\"inLanguage\":\"en-US\",\"potentialAction\":[{\"@type\":\"ReadAction\",\"target\":[\"https:\\\/\\\/hpl.energy\\\/leistungen\\\/akkreditierte-messungen\\\/\"]}]},{\"@type\":\"ImageObject\",\"inLanguage\":\"en-US\",\"@id\":\"https:\\\/\\\/hpl.energy\\\/leistungen\\\/akkreditierte-messungen\\\/#primaryimage\",\"url\":\"http:\\\/\\\/hpl.energy\\\/wp-content\\\/uploads\\\/2024\\\/02\\\/stock-1863880_1920-1024x683.jpg\",\"contentUrl\":\"http:\\\/\\\/hpl.energy\\\/wp-content\\\/uploads\\\/2024\\\/02\\\/stock-1863880_1920-1024x683.jpg\"},{\"@type\":\"BreadcrumbList\",\"@id\":\"https:\\\/\\\/hpl.energy\\\/leistungen\\\/akkreditierte-messungen\\\/#breadcrumb\",\"itemListElement\":[{\"@type\":\"ListItem\",\"position\":1,\"name\":\"Startseite\",\"item\":\"https:\\\/\\\/hpl.energy\\\/\"},{\"@type\":\"ListItem\",\"position\":2,\"name\":\"Leistungen\",\"item\":\"https:\\\/\\\/hpl.energy\\\/leistungen\\\/\"},{\"@type\":\"ListItem\",\"position\":3,\"name\":\"Akkreditierte Messungen\"}]},{\"@type\":\"WebSite\",\"@id\":\"https:\\\/\\\/hpl.energy\\\/#website\",\"url\":\"https:\\\/\\\/hpl.energy\\\/\",\"name\":\"HPL\",\"description\":\"Heating Perfomance Lab\",\"potentialAction\":[{\"@type\":\"SearchAction\",\"target\":{\"@type\":\"EntryPoint\",\"urlTemplate\":\"https:\\\/\\\/hpl.energy\\\/?s={search_term_string}\"},\"query-input\":{\"@type\":\"PropertyValueSpecification\",\"valueRequired\":true,\"valueName\":\"search_term_string\"}}],\"inLanguage\":\"en-US\"}]}<\/script>\n<!-- \/ Yoast SEO plugin. -->","yoast_head_json":{"title":"Akkreditierte Messungen - HPL","robots":{"index":"index","follow":"follow","max-snippet":"max-snippet:-1","max-image-preview":"max-image-preview:large","max-video-preview":"max-video-preview:-1"},"canonical":"https:\/\/hpl.energy\/en\/leistungen\/akkreditierte-messungen\/","og_locale":"en_US","og_type":"article","og_title":"Akkreditierte Messungen - HPL","og_description":"Akkreditierte Messungen Die HPL GmbH plant die Akkreditierung der Pr\u00fcfst\u00e4nde nach DIN EN ISO\/IEC17025. Dies erm\u00f6glicht die unabh\u00e4ngige Pr\u00fcfung von W\u00e4rmepumpen f\u00fcr die G\u00fctesiegel: EHPA CEN HP-Keymark Erp (Energy related&hellip;&nbsp;","og_url":"https:\/\/hpl.energy\/en\/leistungen\/akkreditierte-messungen\/","og_site_name":"HPL","article_modified_time":"2024-03-06T09:34:39+00:00","og_image":[{"url":"http:\/\/hpl.energy\/wp-content\/uploads\/2024\/02\/stock-1863880_1920-1024x683.jpg","type":"","width":"","height":""}],"twitter_card":"summary_large_image","schema":{"@context":"https:\/\/schema.org","@graph":[{"@type":"WebPage","@id":"https:\/\/hpl.energy\/leistungen\/akkreditierte-messungen\/","url":"https:\/\/hpl.energy\/leistungen\/akkreditierte-messungen\/","name":"Akkreditierte Messungen - HPL","isPartOf":{"@id":"https:\/\/hpl.energy\/#website"},"primaryImageOfPage":{"@id":"https:\/\/hpl.energy\/leistungen\/akkreditierte-messungen\/#primaryimage"},"image":{"@id":"https:\/\/hpl.energy\/leistungen\/akkreditierte-messungen\/#primaryimage"},"thumbnailUrl":"http:\/\/hpl.energy\/wp-content\/uploads\/2024\/02\/stock-1863880_1920-1024x683.jpg","datePublished":"2023-10-25T09:28:38+00:00","dateModified":"2024-03-06T09:34:39+00:00","breadcrumb":{"@id":"https:\/\/hpl.energy\/leistungen\/akkreditierte-messungen\/#breadcrumb"},"inLanguage":"en-US","potentialAction":[{"@type":"ReadAction","target":["https:\/\/hpl.energy\/leistungen\/akkreditierte-messungen\/"]}]},{"@type":"ImageObject","inLanguage":"en-US","@id":"https:\/\/hpl.energy\/leistungen\/akkreditierte-messungen\/#primaryimage","url":"http:\/\/hpl.energy\/wp-content\/uploads\/2024\/02\/stock-1863880_1920-1024x683.jpg","contentUrl":"http:\/\/hpl.energy\/wp-content\/uploads\/2024\/02\/stock-1863880_1920-1024x683.jpg"},{"@type":"BreadcrumbList","@id":"https:\/\/hpl.energy\/leistungen\/akkreditierte-messungen\/#breadcrumb","itemListElement":[{"@type":"ListItem","position":1,"name":"Startseite","item":"https:\/\/hpl.energy\/"},{"@type":"ListItem","position":2,"name":"Leistungen","item":"https:\/\/hpl.energy\/leistungen\/"},{"@type":"ListItem","position":3,"name":"Akkreditierte Messungen"}]},{"@type":"WebSite","@id":"https:\/\/hpl.energy\/#website","url":"https:\/\/hpl.energy\/","name":"HPL","description":"Heating Perfomance Lab","potentialAction":[{"@type":"SearchAction","target":{"@type":"EntryPoint","urlTemplate":"https:\/\/hpl.energy\/?s={search_term_string}"},"query-input":{"@type":"PropertyValueSpecification","valueRequired":true,"valueName":"search_term_string"}}],"inLanguage":"en-US"}]}},"_links":{"self":[{"href":"https:\/\/hpl.energy\/en\/wp-json\/wp\/v2\/pages\/230","targetHints":{"allow":["GET"]}}],"collection":[{"href":"https:\/\/hpl.energy\/en\/wp-json\/wp\/v2\/pages"}],"about":[{"href":"https:\/\/hpl.energy\/en\/wp-json\/wp\/v2\/types\/page"}],"author":[{"embeddable":true,"href":"https:\/\/hpl.energy\/en\/wp-json\/wp\/v2\/users\/1"}],"replies":[{"embeddable":true,"href":"https:\/\/hpl.energy\/en\/wp-json\/wp\/v2\/comments?post=230"}],"version-history":[{"count":74,"href":"https:\/\/hpl.energy\/en\/wp-json\/wp\/v2\/pages\/230\/revisions"}],"predecessor-version":[{"id":1384,"href":"https:\/\/hpl.energy\/en\/wp-json\/wp\/v2\/pages\/230\/revisions\/1384"}],"up":[{"embeddable":true,"href":"https:\/\/hpl.energy\/en\/wp-json\/wp\/v2\/pages\/2"}],"wp:attachment":[{"href":"https:\/\/hpl.energy\/en\/wp-json\/wp\/v2\/media?parent=230"}],"curies":[{"name":"wp","href":"https:\/\/api.w.org\/{rel}","templated":true}]}}