{"id":267,"date":"2023-10-25T10:13:11","date_gmt":"2023-10-25T10:13:11","guid":{"rendered":"https:\/\/hpl.energy\/?page_id=267"},"modified":"2024-03-06T09:33:14","modified_gmt":"2024-03-06T09:33:14","slug":"ueber-uns","status":"publish","type":"page","link":"https:\/\/hpl.energy\/en\/ueber-uns\/","title":{"rendered":"About us"},"content":{"rendered":"<div data-elementor-type=\"wp-page\" data-elementor-id=\"267\" class=\"elementor elementor-267\" data-elementor-post-type=\"page\">\n\t\t\t\t\t\t<section class=\"elementor-section elementor-top-section elementor-element elementor-element-d84740f envato-kit-141-top-0 elementor-reverse-mobile elementor-section-boxed elementor-section-height-default elementor-section-height-default\" data-id=\"d84740f\" data-element_type=\"section\" data-e-type=\"section\" data-settings=\"{&quot;background_background&quot;:&quot;classic&quot;,&quot;animation&quot;:&quot;none&quot;}\">\n\t\t\t\t\t\t\t<div class=\"elementor-background-overlay\"><\/div>\n\t\t\t\t\t\t\t<div class=\"elementor-container elementor-column-gap-wider\">\n\t\t\t\t\t<div class=\"elementor-column elementor-col-50 elementor-top-column elementor-element elementor-element-581bcbf4\" data-id=\"581bcbf4\" data-element_type=\"column\" data-e-type=\"column\">\n\t\t\t<div class=\"elementor-widget-wrap elementor-element-populated\">\n\t\t\t\t\t\t<div class=\"elementor-element elementor-element-42649d7 elementor-invisible elementor-widget elementor-widget-image\" data-id=\"42649d7\" data-element_type=\"widget\" data-e-type=\"widget\" data-settings=\"{&quot;_animation&quot;:&quot;fadeInUp&quot;}\" data-widget_type=\"image.default\">\n\t\t\t\t<div class=\"elementor-widget-container\">\n\t\t\t\t\t\t\t\t\t\t\t\t\t\t\t<img fetchpriority=\"high\" decoding=\"async\" width=\"1024\" height=\"683\" src=\"https:\/\/hpl.energy\/wp-content\/uploads\/2024\/02\/renewable-energy-7143343_1920-1024x683.webp\" class=\"attachment-large size-large wp-image-1205\" alt=\"\" srcset=\"https:\/\/hpl.energy\/wp-content\/uploads\/2024\/02\/renewable-energy-7143343_1920-1024x683.webp 1024w, https:\/\/hpl.energy\/wp-content\/uploads\/2024\/02\/renewable-energy-7143343_1920-300x200.webp 300w, https:\/\/hpl.energy\/wp-content\/uploads\/2024\/02\/renewable-energy-7143343_1920-768x512.webp 768w, https:\/\/hpl.energy\/wp-content\/uploads\/2024\/02\/renewable-energy-7143343_1920-1536x1024.webp 1536w, https:\/\/hpl.energy\/wp-content\/uploads\/2024\/02\/renewable-energy-7143343_1920-18x12.webp 18w, https:\/\/hpl.energy\/wp-content\/uploads\/2024\/02\/renewable-energy-7143343_1920-930x620.webp 930w, https:\/\/hpl.energy\/wp-content\/uploads\/2024\/02\/renewable-energy-7143343_1920.webp 1920w\" sizes=\"(max-width: 1024px) 100vw, 1024px\" \/>\t\t\t\t\t\t\t\t\t\t\t\t\t\t\t<\/div>\n\t\t\t\t<\/div>\n\t\t\t\t<div class=\"elementor-element elementor-element-65e55967 elementor-invisible elementor-widget elementor-widget-heading\" data-id=\"65e55967\" data-element_type=\"widget\" data-e-type=\"widget\" data-settings=\"{&quot;_animation&quot;:&quot;fadeInUp&quot;}\" data-widget_type=\"heading.default\">\n\t\t\t\t<div class=\"elementor-widget-container\">\n\t\t\t\t\t<h2 class=\"elementor-heading-title elementor-size-default\">With the highest level of digitization in Europe, we open up new possibilities for customers and bring the field test into the lab with the hardware-in-the-loop process<\/h2>\t\t\t\t<\/div>\n\t\t\t\t<\/div>\n\t\t\t\t\t<\/div>\n\t\t<\/div>\n\t\t\t\t<div class=\"elementor-column elementor-col-50 elementor-top-column elementor-element elementor-element-42bd6e3c\" data-id=\"42bd6e3c\" data-element_type=\"column\" data-e-type=\"column\">\n\t\t\t<div class=\"elementor-widget-wrap elementor-element-populated\">\n\t\t\t\t\t\t<div class=\"elementor-element elementor-element-5ca5b211 elementor-invisible elementor-widget elementor-widget-heading\" data-id=\"5ca5b211\" data-element_type=\"widget\" data-e-type=\"widget\" data-settings=\"{&quot;_animation&quot;:&quot;fadeInUp&quot;,&quot;_animation_delay&quot;:100}\" data-widget_type=\"heading.default\">\n\t\t\t\t<div class=\"elementor-widget-container\">\n\t\t\t\t\t<h2 class=\"elementor-heading-title elementor-size-default\">About us<\/h2>\t\t\t\t<\/div>\n\t\t\t\t<\/div>\n\t\t\t\t<div class=\"elementor-element elementor-element-4fd5373 elementor-invisible elementor-widget elementor-widget-text-editor\" data-id=\"4fd5373\" data-element_type=\"widget\" data-e-type=\"widget\" data-settings=\"{&quot;_animation&quot;:&quot;fadeInUp&quot;}\" data-widget_type=\"text-editor.default\">\n\t\t\t\t<div class=\"elementor-widget-container\">\n\t\t\t\t\t\t\t\t\t<p>Die Heating Performance Lab GmbH wurde im Mai 2023 gegr\u00fcndet und ist als Spinn-Off aus dem Lehrstuhl f\u00fcr Geb\u00e4ude- und Raumklimatechnik hervorgegangen. Wir verstehen uns als digitale Pr\u00fcfinstitution, spezialisiert auf hochdynamische Messmethoden.<\/p><p>Our team has many years of experience in constructing and operating test bench infrastructures. <span data-contrast=\"auto\">Our hardware-in-the-loop test benches open up new possibilities in research and development and reveal the potential for complex energy systems in a realistic environment.<\/span><span data-ccp-props=\"{&quot;201341983&quot;:0,&quot;335559739&quot;:160,&quot;335559740&quot;:259}\">\u00a0<\/span><\/p>\t\t\t\t\t\t\t\t<\/div>\n\t\t\t\t<\/div>\n\t\t\t\t<div class=\"elementor-element elementor-element-4fded684 elementor-mobile-align-justify elementor-invisible elementor-widget elementor-widget-button\" data-id=\"4fded684\" data-element_type=\"widget\" data-e-type=\"widget\" data-settings=\"{&quot;_animation&quot;:&quot;fadeInUp&quot;,&quot;_animation_delay&quot;:300}\" data-widget_type=\"button.default\">\n\t\t\t\t<div class=\"elementor-widget-container\">\n\t\t\t\t\t\t\t\t\t<div class=\"elementor-button-wrapper\">\n\t\t\t\t\t<a class=\"elementor-button elementor-button-link elementor-size-md\" href=\"#Kontakt\">\n\t\t\t\t\t\t<span class=\"elementor-button-content-wrapper\">\n\t\t\t\t\t\t<span class=\"elementor-button-icon\">\n\t\t\t\t\t\t\t<\/span>\n\t\t\t\t\t\t\t\t\t<span class=\"elementor-button-text\">Contact us<\/span>\n\t\t\t\t\t<\/span>\n\t\t\t\t\t<\/a>\n\t\t\t\t<\/div>\n\t\t\t\t\t\t\t\t<\/div>\n\t\t\t\t<\/div>\n\t\t\t\t\t<\/div>\n\t\t<\/div>\n\t\t\t\t\t<\/div>\n\t\t<\/section>\n\t\t\t\t<section class=\"elementor-section elementor-top-section elementor-element elementor-element-3038ae97 elementor-section-content-top elementor-section-boxed elementor-section-height-default elementor-section-height-default\" data-id=\"3038ae97\" data-element_type=\"section\" data-e-type=\"section\" data-settings=\"{&quot;background_background&quot;:&quot;classic&quot;}\">\n\t\t\t\t\t\t<div class=\"elementor-container elementor-column-gap-no\">\n\t\t\t\t\t<div class=\"elementor-column elementor-col-100 elementor-top-column elementor-element elementor-element-7716abbf\" data-id=\"7716abbf\" data-element_type=\"column\" data-e-type=\"column\">\n\t\t\t<div class=\"elementor-widget-wrap elementor-element-populated\">\n\t\t\t\t\t\t<div class=\"elementor-element elementor-element-e579c49 elementor-widget elementor-widget-text-editor\" data-id=\"e579c49\" data-element_type=\"widget\" data-e-type=\"widget\" data-widget_type=\"text-editor.default\">\n\t\t\t\t<div class=\"elementor-widget-container\">\n\t\t\t\t\t\t\t\t\t<p>Team<\/p>\t\t\t\t\t\t\t\t<\/div>\n\t\t\t\t<\/div>\n\t\t\t\t<div class=\"elementor-element elementor-element-73c1675 elementor-invisible elementor-widget elementor-widget-text-editor\" data-id=\"73c1675\" data-element_type=\"widget\" data-e-type=\"widget\" data-settings=\"{&quot;_animation&quot;:&quot;fadeInUp&quot;}\" data-widget_type=\"text-editor.default\">\n\t\t\t\t<div class=\"elementor-widget-container\">\n\t\t\t\t\t\t\t\t\t<p>We are the Heating Performance Lab<\/p>\t\t\t\t\t\t\t\t<\/div>\n\t\t\t\t<\/div>\n\t\t\t\t<section class=\"elementor-section elementor-inner-section elementor-element elementor-element-48e6456d elementor-section-boxed elementor-section-height-default elementor-section-height-default\" data-id=\"48e6456d\" data-element_type=\"section\" data-e-type=\"section\">\n\t\t\t\t\t\t<div class=\"elementor-container elementor-column-gap-default\">\n\t\t\t\t\t<div class=\"elementor-column elementor-col-50 elementor-inner-column elementor-element elementor-element-284c8fe3\" data-id=\"284c8fe3\" data-element_type=\"column\" data-e-type=\"column\">\n\t\t\t<div class=\"elementor-widget-wrap elementor-element-populated\">\n\t\t\t\t\t\t<div class=\"elementor-element elementor-element-384a4277 elementor-widget__width-auto elementor-invisible elementor-widget elementor-widget-image\" data-id=\"384a4277\" data-element_type=\"widget\" data-e-type=\"widget\" data-settings=\"{&quot;_animation&quot;:&quot;fadeInUp&quot;}\" data-widget_type=\"image.default\">\n\t\t\t\t<div class=\"elementor-widget-container\">\n\t\t\t\t\t\t\t\t\t\t\t\t\t\t\t\t<a href=\"http:\/\/hpl.energy\/wp-content\/uploads\/2024\/01\/Stephan-Goebel-Hoch-scaled.jpg\" data-elementor-open-lightbox=\"yes\" data-elementor-lightbox-title=\"Stephan G\u00f6bel (Hoch)\" data-e-action-hash=\"#elementor-action%3Aaction%3Dlightbox%26settings%3DeyJpZCI6NjkwLCJ1cmwiOiJodHRwczpcL1wvaHBsLmVuZXJneVwvd3AtY29udGVudFwvdXBsb2Fkc1wvMjAyNFwvMDFcL1N0ZXBoYW4tR29lYmVsLUhvY2gtc2NhbGVkLndlYnAifQ%3D%3D\">\n\t\t\t\t\t\t\t<img decoding=\"async\" width=\"683\" height=\"1024\" src=\"https:\/\/hpl.energy\/wp-content\/uploads\/2024\/01\/Stephan-Goebel-Hoch-683x1024.webp\" class=\"elementor-animation-float attachment-large size-large wp-image-690\" alt=\"\" srcset=\"https:\/\/hpl.energy\/wp-content\/uploads\/2024\/01\/Stephan-Goebel-Hoch-683x1024.webp 683w, https:\/\/hpl.energy\/wp-content\/uploads\/2024\/01\/Stephan-Goebel-Hoch-200x300.webp 200w, https:\/\/hpl.energy\/wp-content\/uploads\/2024\/01\/Stephan-Goebel-Hoch-768x1152.webp 768w, https:\/\/hpl.energy\/wp-content\/uploads\/2024\/01\/Stephan-Goebel-Hoch-1024x1536.webp 1024w, https:\/\/hpl.energy\/wp-content\/uploads\/2024\/01\/Stephan-Goebel-Hoch-1366x2048.webp 1281w, https:\/\/hpl.energy\/wp-content\/uploads\/2024\/01\/Stephan-Goebel-Hoch-8x12.webp 8w, https:\/\/hpl.energy\/wp-content\/uploads\/2024\/01\/Stephan-Goebel-Hoch-scaled.webp 1280w\" sizes=\"(max-width: 683px) 100vw, 683px\" \/>\t\t\t\t\t\t\t\t<\/a>\n\t\t\t\t\t\t\t\t\t\t\t\t\t\t\t<\/div>\n\t\t\t\t<\/div>\n\t\t\t\t<div class=\"elementor-element elementor-element-753da1ab elementor-invisible elementor-widget elementor-widget-heading\" data-id=\"753da1ab\" data-element_type=\"widget\" data-e-type=\"widget\" data-settings=\"{&quot;_animation&quot;:&quot;fadeInUp&quot;}\" data-widget_type=\"heading.default\">\n\t\t\t\t<div class=\"elementor-widget-container\">\n\t\t\t\t\t<h4 class=\"elementor-heading-title elementor-size-large\">Stephan G\u00f6bel<\/h4>\t\t\t\t<\/div>\n\t\t\t\t<\/div>\n\t\t\t\t<div class=\"elementor-element elementor-element-603246e5 elementor-invisible elementor-widget elementor-widget-text-editor\" data-id=\"603246e5\" data-element_type=\"widget\" data-e-type=\"widget\" data-settings=\"{&quot;_animation&quot;:&quot;fadeInUp&quot;}\" data-widget_type=\"text-editor.default\">\n\t\t\t\t<div class=\"elementor-widget-container\">\n\t\t\t\t\t\t\t\t\t<p>CEO<\/p>\t\t\t\t\t\t\t\t<\/div>\n\t\t\t\t<\/div>\n\t\t\t\t<div class=\"elementor-element elementor-element-41be4e7 e-transform elementor-widget elementor-widget-heading\" data-id=\"41be4e7\" data-element_type=\"widget\" data-e-type=\"widget\" data-settings=\"{&quot;_transform_translateX_effect_hover&quot;:{&quot;unit&quot;:&quot;px&quot;,&quot;size&quot;:&quot;&quot;,&quot;sizes&quot;:[]},&quot;_transform_translateX_effect_hover_tablet&quot;:{&quot;unit&quot;:&quot;px&quot;,&quot;size&quot;:&quot;&quot;,&quot;sizes&quot;:[]},&quot;_transform_translateX_effect_hover_mobile&quot;:{&quot;unit&quot;:&quot;px&quot;,&quot;size&quot;:&quot;&quot;,&quot;sizes&quot;:[]},&quot;_transform_translateY_effect_hover&quot;:{&quot;unit&quot;:&quot;px&quot;,&quot;size&quot;:&quot;&quot;,&quot;sizes&quot;:[]},&quot;_transform_translateY_effect_hover_tablet&quot;:{&quot;unit&quot;:&quot;px&quot;,&quot;size&quot;:&quot;&quot;,&quot;sizes&quot;:[]},&quot;_transform_translateY_effect_hover_mobile&quot;:{&quot;unit&quot;:&quot;px&quot;,&quot;size&quot;:&quot;&quot;,&quot;sizes&quot;:[]}}\" data-widget_type=\"heading.default\">\n\t\t\t\t<div class=\"elementor-widget-container\">\n\t\t\t\t\t<p class=\"elementor-heading-title elementor-size-default\"><a href=\"mailto:stephan.goebel@hpl.energy\">stephan.goebel@hpl.energy<\/a><\/p>\t\t\t\t<\/div>\n\t\t\t\t<\/div>\n\t\t\t\t<div class=\"elementor-element elementor-element-44d6695a elementor-shape-square elementor-grid-0 e-grid-align-center elementor-invisible elementor-widget elementor-widget-social-icons\" data-id=\"44d6695a\" data-element_type=\"widget\" data-e-type=\"widget\" data-settings=\"{&quot;_animation&quot;:&quot;fadeInUp&quot;}\" data-widget_type=\"social-icons.default\">\n\t\t\t\t<div class=\"elementor-widget-container\">\n\t\t\t\t\t\t\t<div class=\"elementor-social-icons-wrapper elementor-grid\">\n\t\t\t\t\t\t\t<span class=\"elementor-grid-item\">\n\t\t\t\t\t<a class=\"elementor-icon elementor-social-icon elementor-social-icon-linkedin elementor-animation-float elementor-repeater-item-fb21e6a\" href=\"https:\/\/www.linkedin.com\/in\/stephan-g%C3%B6bel-6119291a2\/\" target=\"_blank\">\n\t\t\t\t\t\t<span class=\"elementor-screen-only\">Linkedin<\/span>\n\t\t\t\t\t\t<i aria-hidden=\"true\" class=\"fab fa-linkedin\"><\/i>\t\t\t\t\t<\/a>\n\t\t\t\t<\/span>\n\t\t\t\t\t<\/div>\n\t\t\t\t\t\t<\/div>\n\t\t\t\t<\/div>\n\t\t\t\t\t<\/div>\n\t\t<\/div>\n\t\t\t\t<div class=\"elementor-column elementor-col-50 elementor-inner-column elementor-element elementor-element-38573964\" data-id=\"38573964\" data-element_type=\"column\" data-e-type=\"column\">\n\t\t\t<div class=\"elementor-widget-wrap elementor-element-populated\">\n\t\t\t\t\t\t<div class=\"elementor-element elementor-element-4b83e36c elementor-widget__width-auto elementor-invisible elementor-widget elementor-widget-image\" data-id=\"4b83e36c\" data-element_type=\"widget\" data-e-type=\"widget\" data-settings=\"{&quot;_animation&quot;:&quot;fadeInUp&quot;}\" data-widget_type=\"image.default\">\n\t\t\t\t<div class=\"elementor-widget-container\">\n\t\t\t\t\t\t\t\t\t\t\t\t\t\t\t\t<a href=\"http:\/\/hpl.energy\/wp-content\/uploads\/2024\/01\/Thomas-Henn-Hoch-1.jpg\" data-elementor-open-lightbox=\"no\">\n\t\t\t\t\t\t\t<img decoding=\"async\" width=\"681\" height=\"1024\" src=\"https:\/\/hpl.energy\/wp-content\/uploads\/2024\/01\/Thomas-Henn-Hoch-1-681x1024.webp\" class=\"elementor-animation-float attachment-large size-large wp-image-689\" alt=\"\" srcset=\"https:\/\/hpl.energy\/wp-content\/uploads\/2024\/01\/Thomas-Henn-Hoch-1-681x1024.webp 681w, https:\/\/hpl.energy\/wp-content\/uploads\/2024\/01\/Thomas-Henn-Hoch-1-200x300.webp 200w, https:\/\/hpl.energy\/wp-content\/uploads\/2024\/01\/Thomas-Henn-Hoch-1-768x1154.webp 768w, https:\/\/hpl.energy\/wp-content\/uploads\/2024\/01\/Thomas-Henn-Hoch-1-1022x1536.webp 1022w, https:\/\/hpl.energy\/wp-content\/uploads\/2024\/01\/Thomas-Henn-Hoch-1-8x12.webp 8w, https:\/\/hpl.energy\/wp-content\/uploads\/2024\/01\/Thomas-Henn-Hoch-1.webp 1278w\" sizes=\"(max-width: 681px) 100vw, 681px\" \/>\t\t\t\t\t\t\t\t<\/a>\n\t\t\t\t\t\t\t\t\t\t\t\t\t\t\t<\/div>\n\t\t\t\t<\/div>\n\t\t\t\t<div class=\"elementor-element elementor-element-475ec590 elementor-invisible elementor-widget elementor-widget-heading\" data-id=\"475ec590\" data-element_type=\"widget\" data-e-type=\"widget\" data-settings=\"{&quot;_animation&quot;:&quot;fadeInUp&quot;}\" data-widget_type=\"heading.default\">\n\t\t\t\t<div class=\"elementor-widget-container\">\n\t\t\t\t\t<h4 class=\"elementor-heading-title elementor-size-large\">Thomas Henn<\/h4>\t\t\t\t<\/div>\n\t\t\t\t<\/div>\n\t\t\t\t<div class=\"elementor-element elementor-element-665f6622 elementor-invisible elementor-widget elementor-widget-text-editor\" data-id=\"665f6622\" data-element_type=\"widget\" data-e-type=\"widget\" data-settings=\"{&quot;_animation&quot;:&quot;fadeInUp&quot;}\" data-widget_type=\"text-editor.default\">\n\t\t\t\t<div class=\"elementor-widget-container\">\n\t\t\t\t\t\t\t\t\t<p>CTO<\/p>\t\t\t\t\t\t\t\t<\/div>\n\t\t\t\t<\/div>\n\t\t\t\t<div class=\"elementor-element elementor-element-d59852f e-transform elementor-widget elementor-widget-heading\" data-id=\"d59852f\" data-element_type=\"widget\" data-e-type=\"widget\" id=\"Kontakt\" data-settings=\"{&quot;_transform_translateX_effect_hover&quot;:{&quot;unit&quot;:&quot;px&quot;,&quot;size&quot;:&quot;&quot;,&quot;sizes&quot;:[]},&quot;_transform_translateX_effect_hover_tablet&quot;:{&quot;unit&quot;:&quot;px&quot;,&quot;size&quot;:&quot;&quot;,&quot;sizes&quot;:[]},&quot;_transform_translateX_effect_hover_mobile&quot;:{&quot;unit&quot;:&quot;px&quot;,&quot;size&quot;:&quot;&quot;,&quot;sizes&quot;:[]},&quot;_transform_translateY_effect_hover&quot;:{&quot;unit&quot;:&quot;px&quot;,&quot;size&quot;:&quot;&quot;,&quot;sizes&quot;:[]},&quot;_transform_translateY_effect_hover_tablet&quot;:{&quot;unit&quot;:&quot;px&quot;,&quot;size&quot;:&quot;&quot;,&quot;sizes&quot;:[]},&quot;_transform_translateY_effect_hover_mobile&quot;:{&quot;unit&quot;:&quot;px&quot;,&quot;size&quot;:&quot;&quot;,&quot;sizes&quot;:[]}}\" data-widget_type=\"heading.default\">\n\t\t\t\t<div class=\"elementor-widget-container\">\n\t\t\t\t\t<p class=\"elementor-heading-title elementor-size-default\"><a href=\"mailto:stephan.goebel@hpl.energy\">thomas.henn@hpl.energy<\/a><\/p>\t\t\t\t<\/div>\n\t\t\t\t<\/div>\n\t\t\t\t<div class=\"elementor-element elementor-element-1ed7ed07 elementor-shape-square elementor-grid-0 e-grid-align-center elementor-invisible elementor-widget elementor-widget-social-icons\" data-id=\"1ed7ed07\" data-element_type=\"widget\" data-e-type=\"widget\" data-settings=\"{&quot;_animation&quot;:&quot;fadeInUp&quot;}\" data-widget_type=\"social-icons.default\">\n\t\t\t\t<div class=\"elementor-widget-container\">\n\t\t\t\t\t\t\t<div class=\"elementor-social-icons-wrapper elementor-grid\">\n\t\t\t\t\t\t\t<span class=\"elementor-grid-item\">\n\t\t\t\t\t<a class=\"elementor-icon elementor-social-icon elementor-social-icon-linkedin elementor-animation-float elementor-repeater-item-fb21e6a\" href=\"https:\/\/www.linkedin.com\/in\/thomas-henn-3b7550134\/\" target=\"_blank\">\n\t\t\t\t\t\t<span class=\"elementor-screen-only\">Linkedin<\/span>\n\t\t\t\t\t\t<i aria-hidden=\"true\" class=\"fab fa-linkedin\"><\/i>\t\t\t\t\t<\/a>\n\t\t\t\t<\/span>\n\t\t\t\t\t<\/div>\n\t\t\t\t\t\t<\/div>\n\t\t\t\t<\/div>\n\t\t\t\t\t<\/div>\n\t\t<\/div>\n\t\t\t\t\t<\/div>\n\t\t<\/section>\n\t\t\t\t\t<\/div>\n\t\t<\/div>\n\t\t\t\t\t<\/div>\n\t\t<\/section>\n\t\t<div class=\"elementor-element elementor-element-4d71ddc e-flex e-con-boxed e-con e-parent\" data-id=\"4d71ddc\" data-element_type=\"container\" data-e-type=\"container\">\n\t\t\t\t\t<div class=\"e-con-inner\">\n\t\t\t\t\t<\/div>\n\t\t\t\t<\/div>\n\t\t\t\t<\/div>","protected":false},"excerpt":{"rendered":"<p>Mit dem h\u00f6chsten Digitalisierungsgrad in Europa er\u00f6ffnen wir Kunden neue M\u00f6glichkeiten und bringen mit dem Hardware-in-the-Loop Verfahren den Feldtest ins Labor \u00dcber Uns Die Heating Performance Lab GmbH wurde im&hellip;&nbsp;<\/p>","protected":false},"author":1,"featured_media":0,"parent":0,"menu_order":0,"comment_status":"closed","ping_status":"closed","template":"page-templates\/template-pagebuilder-full-width.php","meta":{"neve_meta_sidebar":"","neve_meta_container":"","neve_meta_enable_content_width":"","neve_meta_content_width":0,"neve_meta_title_alignment":"","neve_meta_author_avatar":"","neve_post_elements_order":"","neve_meta_disable_header":"","neve_meta_disable_footer":"","neve_meta_disable_title":"on","footnotes":""},"class_list":["post-267","page","type-page","status-publish","hentry"],"yoast_head":"<!-- This site is optimized with the Yoast SEO plugin v27.4 - https:\/\/yoast.com\/product\/yoast-seo-wordpress\/ -->\n<title>\u00dcber uns - HPL<\/title>\n<meta name=\"robots\" content=\"index, follow, max-snippet:-1, max-image-preview:large, max-video-preview:-1\" \/>\n<link rel=\"canonical\" href=\"https:\/\/hpl.energy\/en\/ueber-uns\/\" \/>\n<meta property=\"og:locale\" content=\"en_US\" \/>\n<meta property=\"og:type\" content=\"article\" \/>\n<meta property=\"og:title\" content=\"\u00dcber uns - HPL\" \/>\n<meta property=\"og:description\" content=\"Mit dem h\u00f6chsten Digitalisierungsgrad in Europa er\u00f6ffnen wir Kunden neue M\u00f6glichkeiten und bringen mit dem Hardware-in-the-Loop Verfahren den Feldtest ins Labor \u00dcber Uns Die Heating Performance Lab GmbH wurde im&hellip;&nbsp;\" \/>\n<meta property=\"og:url\" content=\"https:\/\/hpl.energy\/en\/ueber-uns\/\" \/>\n<meta property=\"og:site_name\" content=\"HPL\" \/>\n<meta property=\"article:modified_time\" content=\"2024-03-06T09:33:14+00:00\" \/>\n<meta property=\"og:image\" content=\"http:\/\/hpl.energy\/wp-content\/uploads\/2024\/02\/renewable-energy-7143343_1920-1024x683.webp\" \/>\n<meta name=\"twitter:card\" content=\"summary_large_image\" \/>\n<meta name=\"twitter:label1\" content=\"Est. reading time\" \/>\n\t<meta name=\"twitter:data1\" content=\"1 minute\" \/>\n<script type=\"application\/ld+json\" class=\"yoast-schema-graph\">{\"@context\":\"https:\\\/\\\/schema.org\",\"@graph\":[{\"@type\":\"WebPage\",\"@id\":\"https:\\\/\\\/hpl.energy\\\/ueber-uns\\\/\",\"url\":\"https:\\\/\\\/hpl.energy\\\/ueber-uns\\\/\",\"name\":\"\u00dcber uns - HPL\",\"isPartOf\":{\"@id\":\"https:\\\/\\\/hpl.energy\\\/#website\"},\"primaryImageOfPage\":{\"@id\":\"https:\\\/\\\/hpl.energy\\\/ueber-uns\\\/#primaryimage\"},\"image\":{\"@id\":\"https:\\\/\\\/hpl.energy\\\/ueber-uns\\\/#primaryimage\"},\"thumbnailUrl\":\"http:\\\/\\\/hpl.energy\\\/wp-content\\\/uploads\\\/2024\\\/02\\\/renewable-energy-7143343_1920-1024x683.webp\",\"datePublished\":\"2023-10-25T10:13:11+00:00\",\"dateModified\":\"2024-03-06T09:33:14+00:00\",\"breadcrumb\":{\"@id\":\"https:\\\/\\\/hpl.energy\\\/ueber-uns\\\/#breadcrumb\"},\"inLanguage\":\"en-US\",\"potentialAction\":[{\"@type\":\"ReadAction\",\"target\":[\"https:\\\/\\\/hpl.energy\\\/ueber-uns\\\/\"]}]},{\"@type\":\"ImageObject\",\"inLanguage\":\"en-US\",\"@id\":\"https:\\\/\\\/hpl.energy\\\/ueber-uns\\\/#primaryimage\",\"url\":\"http:\\\/\\\/hpl.energy\\\/wp-content\\\/uploads\\\/2024\\\/02\\\/renewable-energy-7143343_1920-1024x683.webp\",\"contentUrl\":\"http:\\\/\\\/hpl.energy\\\/wp-content\\\/uploads\\\/2024\\\/02\\\/renewable-energy-7143343_1920-1024x683.webp\"},{\"@type\":\"BreadcrumbList\",\"@id\":\"https:\\\/\\\/hpl.energy\\\/ueber-uns\\\/#breadcrumb\",\"itemListElement\":[{\"@type\":\"ListItem\",\"position\":1,\"name\":\"Startseite\",\"item\":\"https:\\\/\\\/hpl.energy\\\/\"},{\"@type\":\"ListItem\",\"position\":2,\"name\":\"\u00dcber uns\"}]},{\"@type\":\"WebSite\",\"@id\":\"https:\\\/\\\/hpl.energy\\\/#website\",\"url\":\"https:\\\/\\\/hpl.energy\\\/\",\"name\":\"HPL\",\"description\":\"Heating Perfomance Lab\",\"potentialAction\":[{\"@type\":\"SearchAction\",\"target\":{\"@type\":\"EntryPoint\",\"urlTemplate\":\"https:\\\/\\\/hpl.energy\\\/?s={search_term_string}\"},\"query-input\":{\"@type\":\"PropertyValueSpecification\",\"valueRequired\":true,\"valueName\":\"search_term_string\"}}],\"inLanguage\":\"en-US\"}]}<\/script>\n<!-- \/ Yoast SEO plugin. -->","yoast_head_json":{"title":"\u00dcber uns - HPL","robots":{"index":"index","follow":"follow","max-snippet":"max-snippet:-1","max-image-preview":"max-image-preview:large","max-video-preview":"max-video-preview:-1"},"canonical":"https:\/\/hpl.energy\/en\/ueber-uns\/","og_locale":"en_US","og_type":"article","og_title":"\u00dcber uns - HPL","og_description":"Mit dem h\u00f6chsten Digitalisierungsgrad in Europa er\u00f6ffnen wir Kunden neue M\u00f6glichkeiten und bringen mit dem Hardware-in-the-Loop Verfahren den Feldtest ins Labor \u00dcber Uns Die Heating Performance Lab GmbH wurde im&hellip;&nbsp;","og_url":"https:\/\/hpl.energy\/en\/ueber-uns\/","og_site_name":"HPL","article_modified_time":"2024-03-06T09:33:14+00:00","og_image":[{"url":"http:\/\/hpl.energy\/wp-content\/uploads\/2024\/02\/renewable-energy-7143343_1920-1024x683.webp","type":"","width":"","height":""}],"twitter_card":"summary_large_image","twitter_misc":{"Est. reading time":"1 minute"},"schema":{"@context":"https:\/\/schema.org","@graph":[{"@type":"WebPage","@id":"https:\/\/hpl.energy\/ueber-uns\/","url":"https:\/\/hpl.energy\/ueber-uns\/","name":"\u00dcber uns - HPL","isPartOf":{"@id":"https:\/\/hpl.energy\/#website"},"primaryImageOfPage":{"@id":"https:\/\/hpl.energy\/ueber-uns\/#primaryimage"},"image":{"@id":"https:\/\/hpl.energy\/ueber-uns\/#primaryimage"},"thumbnailUrl":"http:\/\/hpl.energy\/wp-content\/uploads\/2024\/02\/renewable-energy-7143343_1920-1024x683.webp","datePublished":"2023-10-25T10:13:11+00:00","dateModified":"2024-03-06T09:33:14+00:00","breadcrumb":{"@id":"https:\/\/hpl.energy\/ueber-uns\/#breadcrumb"},"inLanguage":"en-US","potentialAction":[{"@type":"ReadAction","target":["https:\/\/hpl.energy\/ueber-uns\/"]}]},{"@type":"ImageObject","inLanguage":"en-US","@id":"https:\/\/hpl.energy\/ueber-uns\/#primaryimage","url":"http:\/\/hpl.energy\/wp-content\/uploads\/2024\/02\/renewable-energy-7143343_1920-1024x683.webp","contentUrl":"http:\/\/hpl.energy\/wp-content\/uploads\/2024\/02\/renewable-energy-7143343_1920-1024x683.webp"},{"@type":"BreadcrumbList","@id":"https:\/\/hpl.energy\/ueber-uns\/#breadcrumb","itemListElement":[{"@type":"ListItem","position":1,"name":"Startseite","item":"https:\/\/hpl.energy\/"},{"@type":"ListItem","position":2,"name":"\u00dcber uns"}]},{"@type":"WebSite","@id":"https:\/\/hpl.energy\/#website","url":"https:\/\/hpl.energy\/","name":"HPL","description":"Heating Perfomance Lab","potentialAction":[{"@type":"SearchAction","target":{"@type":"EntryPoint","urlTemplate":"https:\/\/hpl.energy\/?s={search_term_string}"},"query-input":{"@type":"PropertyValueSpecification","valueRequired":true,"valueName":"search_term_string"}}],"inLanguage":"en-US"}]}},"_links":{"self":[{"href":"https:\/\/hpl.energy\/en\/wp-json\/wp\/v2\/pages\/267","targetHints":{"allow":["GET"]}}],"collection":[{"href":"https:\/\/hpl.energy\/en\/wp-json\/wp\/v2\/pages"}],"about":[{"href":"https:\/\/hpl.energy\/en\/wp-json\/wp\/v2\/types\/page"}],"author":[{"embeddable":true,"href":"https:\/\/hpl.energy\/en\/wp-json\/wp\/v2\/users\/1"}],"replies":[{"embeddable":true,"href":"https:\/\/hpl.energy\/en\/wp-json\/wp\/v2\/comments?post=267"}],"version-history":[{"count":90,"href":"https:\/\/hpl.energy\/en\/wp-json\/wp\/v2\/pages\/267\/revisions"}],"predecessor-version":[{"id":1375,"href":"https:\/\/hpl.energy\/en\/wp-json\/wp\/v2\/pages\/267\/revisions\/1375"}],"wp:attachment":[{"href":"https:\/\/hpl.energy\/en\/wp-json\/wp\/v2\/media?parent=267"}],"curies":[{"name":"wp","href":"https:\/\/api.w.org\/{rel}","templated":true}]}}