{"id":392,"date":"2023-10-26T11:52:17","date_gmt":"2023-10-26T11:52:17","guid":{"rendered":"https:\/\/hpl.energy\/?page_id=392"},"modified":"2024-03-25T13:37:04","modified_gmt":"2024-03-25T13:37:04","slug":"impressum","status":"publish","type":"page","link":"https:\/\/hpl.energy\/en\/impressum\/","title":{"rendered":"Site Credits"},"content":{"rendered":"<div data-elementor-type=\"wp-page\" data-elementor-id=\"392\" class=\"elementor elementor-392\" data-elementor-post-type=\"page\">\n\t\t\t\t<div class=\"elementor-element elementor-element-67a86dd e-flex e-con-boxed e-con e-parent\" data-id=\"67a86dd\" data-element_type=\"container\" data-e-type=\"container\">\n\t\t\t\t\t<div class=\"e-con-inner\">\n\t\t\t\t<div class=\"elementor-element elementor-element-ed6063c elementor-widget elementor-widget-text-editor\" data-id=\"ed6063c\" data-element_type=\"widget\" data-e-type=\"widget\" data-widget_type=\"text-editor.default\">\n\t\t\t\t<div class=\"elementor-widget-container\">\n\t\t\t\t\t\t\t\t\t<div><h1>Site Credits<\/h1><p>Angaben gem\u00e4\u00df \u00a7 5 TMG<\/p><p>Heating Performance Lab GmbH<br \/>Rosberg 24<br \/>52074 Aachen<\/p><p><span class=\"TextRun SCXO9242861 BCX0\" lang=\"DE\" xml:lang=\"DE\" data-contrast=\"auto\"><span class=\"SpellingError SCXO9242861 BCX0\">Ust-IdNr<\/span><span class=\"NormalTextRun SCXO9242861 BCX0\">.: DE361619855<\/span><\/span><span class=\"EOP SCXO9242861 BCX0\">\u00a0<\/span><\/p><p><strong>Vertreten durch: <\/strong><br \/>Stephan G\u00f6bel<\/p><p><strong>Registereintrag: <\/strong><br \/>Eintragung im Handelsregister.<br \/>Registergericht: Amtsgericht Aachen<br \/>Registernummer: HRB 26780<\/p><p><strong>Haftungsausschluss: <\/strong><\/p><p><strong>Haftung f\u00fcr Inhalte<\/strong><\/p><p>Die Inhalte unserer Seiten wurden mit gr\u00f6\u00dfter Sorgfalt erstellt. F\u00fcr die Richtigkeit, Vollst\u00e4ndigkeit und Aktualit\u00e4t der Inhalte k\u00f6nnen wir jedoch keine Gew\u00e4hr \u00fcbernehmen. Als Diensteanbieter sind wir gem\u00e4\u00df \u00a7 7 Abs.1 TMG f\u00fcr eigene Inhalte auf diesen Seiten nach den allgemeinen Gesetzen verantwortlich. Nach \u00a7\u00a7 8 bis 10 TMG sind wir als Diensteanbieter jedoch nicht verpflichtet, \u00fcbermittelte oder gespeicherte fremde Informationen zu \u00fcberwachen oder nach Umst\u00e4nden zu forschen, die auf eine rechtswidrige T\u00e4tigkeit hinweisen. Verpflichtungen zur Entfernung oder Sperrung der Nutzung von Informationen nach den allgemeinen Gesetzen bleiben hiervon unber\u00fchrt. Eine diesbez\u00fcgliche Haftung ist jedoch erst ab dem Zeitpunkt der Kenntnis einer konkreten Rechtsverletzung m\u00f6glich. Bei Bekanntwerden von entsprechenden Rechtsverletzungen werden wir diese Inhalte umgehend entfernen.<\/p><p><strong>Haftung f\u00fcr Links<\/strong><\/p><p>Unser Angebot enth\u00e4lt Links zu externen Webseiten Dritter, auf deren Inhalte wir keinen Einfluss haben. Deshalb k\u00f6nnen wir f\u00fcr diese fremden Inhalte auch keine Gew\u00e4hr \u00fcbernehmen. F\u00fcr die Inhalte der verlinkten Seiten ist stets der jeweilige Anbieter oder Betreiber der Seiten verantwortlich. Die verlinkten Seiten wurden zum Zeitpunkt der Verlinkung auf m\u00f6gliche Rechtsverst\u00f6\u00dfe \u00fcberpr\u00fcft. Rechtswidrige Inhalte waren zum Zeitpunkt der Verlinkung nicht erkennbar. Eine permanente inhaltliche Kontrolle der verlinkten Seiten ist jedoch ohne konkrete Anhaltspunkte einer Rechtsverletzung nicht zumutbar. Bei Bekanntwerden von Rechtsverletzungen werden wir derartige Links umgehend entfernen.<\/p><p><strong>Urheberrecht<\/strong><\/p><p>Die durch die Seitenbetreiber erstellten Inhalte und Werke auf diesen Seiten unterliegen dem deutschen Urheberrecht. Die Vervielf\u00e4ltigung, Bearbeitung, Verbreitung und jede Art der Verwertung au\u00dferhalb der Grenzen des Urheberrechtes bed\u00fcrfen der schriftlichen Zustimmung des jeweiligen Autors bzw. Erstellers. Downloads und Kopien dieser Seite sind nur f\u00fcr den privaten, nicht kommerziellen Gebrauch gestattet. Soweit die Inhalte auf dieser Seite nicht vom Betreiber erstellt wurden, werden die Urheberrechte Dritter beachtet. Insbesondere werden Inhalte Dritter als solche gekennzeichnet. Sollten Sie trotzdem auf eine Urheberrechtsverletzung aufmerksam werden, bitten wir um einen entsprechenden Hinweis. Bei Bekanntwerden von Rechtsverletzungen werden wir derartige Inhalte umgehend entfernen.<\/p><p><strong>Privacy Policy<\/strong><\/p><p>Die Nutzung unserer Webseite ist in der Regel ohne Angabe personenbezogener Daten m\u00f6glich. Soweit auf unseren Seiten personenbezogene Daten (beispielsweise Name, Anschrift oder eMail-Adressen) erhoben werden, erfolgt dies, soweit m\u00f6glich, stets auf freiwilliger Basis. Diese Daten werden ohne Ihre ausdr\u00fcckliche Zustimmung nicht an Dritte weitergegeben. <br \/>Wir weisen darauf hin, dass die Daten\u00fcbertragung im Internet (z.B. bei der Kommunikation per E-Mail) Sicherheitsl\u00fccken aufweisen kann. Ein l\u00fcckenloser Schutz der Daten vor dem Zugriff durch Dritte ist nicht m\u00f6glich. <br \/>Der Nutzung von im Rahmen der Impressumspflicht ver\u00f6ffentlichten Kontaktdaten durch Dritte zur \u00dcbersendung von nicht ausdr\u00fccklich angeforderter Werbung und Informationsmaterialien wird hiermit ausdr\u00fccklich widersprochen. Die Betreiber der Seiten behalten sich ausdr\u00fccklich rechtliche Schritte im Falle der unverlangten Zusendung von Werbeinformationen, etwa durch Spam-Mails, vor.<\/p><p>\u00a0<\/p><div>Website Impressum von <a href=\"https:\/\/www.impressum-generator.de\">impressum-generator.de<\/a><\/div><\/div>\t\t\t\t\t\t\t\t<\/div>\n\t\t\t\t<\/div>\n\t\t\t\t\t<\/div>\n\t\t\t\t<\/div>\n\t\t\t\t<\/div>","protected":false},"excerpt":{"rendered":"<p>Impressum Angaben gem\u00e4\u00df \u00a7 5 TMG Heating Performance Lab GmbHRosberg 2452074 Aachen Ust-IdNr.: DE361619855\u00a0 Vertreten durch: Stephan G\u00f6bel Registereintrag: Eintragung im Handelsregister.Registergericht: Amtsgericht AachenRegisternummer: HRB 26780 Haftungsausschluss: Haftung f\u00fcr Inhalte&hellip;&nbsp;<\/p>","protected":false},"author":1,"featured_media":0,"parent":0,"menu_order":0,"comment_status":"closed","ping_status":"closed","template":"page-templates\/template-pagebuilder-full-width.php","meta":{"neve_meta_sidebar":"","neve_meta_container":"","neve_meta_enable_content_width":"","neve_meta_content_width":0,"neve_meta_title_alignment":"","neve_meta_author_avatar":"","neve_post_elements_order":"","neve_meta_disable_header":"","neve_meta_disable_footer":"","neve_meta_disable_title":"","footnotes":""},"class_list":["post-392","page","type-page","status-publish","hentry"],"yoast_head":"<!-- This site is optimized with the Yoast SEO plugin v27.3 - https:\/\/yoast.com\/product\/yoast-seo-wordpress\/ -->\n<title>Impressum - HPL<\/title>\n<meta name=\"robots\" content=\"index, follow, max-snippet:-1, max-image-preview:large, max-video-preview:-1\" \/>\n<link rel=\"canonical\" href=\"https:\/\/hpl.energy\/en\/impressum\/\" \/>\n<meta property=\"og:locale\" content=\"en_US\" \/>\n<meta property=\"og:type\" content=\"article\" \/>\n<meta property=\"og:title\" content=\"Impressum - HPL\" \/>\n<meta property=\"og:description\" content=\"Impressum Angaben gem\u00e4\u00df \u00a7 5 TMG Heating Performance Lab GmbHRosberg 2452074 Aachen Ust-IdNr.: DE361619855\u00a0 Vertreten durch: Stephan G\u00f6bel Registereintrag: Eintragung im Handelsregister.Registergericht: Amtsgericht AachenRegisternummer: HRB 26780 Haftungsausschluss: Haftung f\u00fcr Inhalte&hellip;&nbsp;\" \/>\n<meta property=\"og:url\" content=\"https:\/\/hpl.energy\/en\/impressum\/\" \/>\n<meta property=\"og:site_name\" content=\"HPL\" \/>\n<meta property=\"article:modified_time\" content=\"2024-03-25T13:37:04+00:00\" \/>\n<meta name=\"twitter:card\" content=\"summary_large_image\" \/>\n<meta name=\"twitter:label1\" content=\"Est. reading time\" \/>\n\t<meta name=\"twitter:data1\" content=\"3 minutes\" \/>\n<script type=\"application\/ld+json\" class=\"yoast-schema-graph\">{\"@context\":\"https:\\\/\\\/schema.org\",\"@graph\":[{\"@type\":\"WebPage\",\"@id\":\"https:\\\/\\\/hpl.energy\\\/impressum\\\/\",\"url\":\"https:\\\/\\\/hpl.energy\\\/impressum\\\/\",\"name\":\"Impressum - HPL\",\"isPartOf\":{\"@id\":\"https:\\\/\\\/hpl.energy\\\/#website\"},\"datePublished\":\"2023-10-26T11:52:17+00:00\",\"dateModified\":\"2024-03-25T13:37:04+00:00\",\"breadcrumb\":{\"@id\":\"https:\\\/\\\/hpl.energy\\\/impressum\\\/#breadcrumb\"},\"inLanguage\":\"en-US\",\"potentialAction\":[{\"@type\":\"ReadAction\",\"target\":[\"https:\\\/\\\/hpl.energy\\\/impressum\\\/\"]}]},{\"@type\":\"BreadcrumbList\",\"@id\":\"https:\\\/\\\/hpl.energy\\\/impressum\\\/#breadcrumb\",\"itemListElement\":[{\"@type\":\"ListItem\",\"position\":1,\"name\":\"Startseite\",\"item\":\"https:\\\/\\\/hpl.energy\\\/\"},{\"@type\":\"ListItem\",\"position\":2,\"name\":\"Impressum\"}]},{\"@type\":\"WebSite\",\"@id\":\"https:\\\/\\\/hpl.energy\\\/#website\",\"url\":\"https:\\\/\\\/hpl.energy\\\/\",\"name\":\"HPL\",\"description\":\"Heating Perfomance Lab\",\"potentialAction\":[{\"@type\":\"SearchAction\",\"target\":{\"@type\":\"EntryPoint\",\"urlTemplate\":\"https:\\\/\\\/hpl.energy\\\/?s={search_term_string}\"},\"query-input\":{\"@type\":\"PropertyValueSpecification\",\"valueRequired\":true,\"valueName\":\"search_term_string\"}}],\"inLanguage\":\"en-US\"}]}<\/script>\n<!-- \/ Yoast SEO plugin. -->","yoast_head_json":{"title":"Impressum - HPL","robots":{"index":"index","follow":"follow","max-snippet":"max-snippet:-1","max-image-preview":"max-image-preview:large","max-video-preview":"max-video-preview:-1"},"canonical":"https:\/\/hpl.energy\/en\/impressum\/","og_locale":"en_US","og_type":"article","og_title":"Impressum - HPL","og_description":"Impressum Angaben gem\u00e4\u00df \u00a7 5 TMG Heating Performance Lab GmbHRosberg 2452074 Aachen Ust-IdNr.: DE361619855\u00a0 Vertreten durch: Stephan G\u00f6bel Registereintrag: Eintragung im Handelsregister.Registergericht: Amtsgericht AachenRegisternummer: HRB 26780 Haftungsausschluss: Haftung f\u00fcr Inhalte&hellip;&nbsp;","og_url":"https:\/\/hpl.energy\/en\/impressum\/","og_site_name":"HPL","article_modified_time":"2024-03-25T13:37:04+00:00","twitter_card":"summary_large_image","twitter_misc":{"Est. reading time":"3 minutes"},"schema":{"@context":"https:\/\/schema.org","@graph":[{"@type":"WebPage","@id":"https:\/\/hpl.energy\/impressum\/","url":"https:\/\/hpl.energy\/impressum\/","name":"Impressum - HPL","isPartOf":{"@id":"https:\/\/hpl.energy\/#website"},"datePublished":"2023-10-26T11:52:17+00:00","dateModified":"2024-03-25T13:37:04+00:00","breadcrumb":{"@id":"https:\/\/hpl.energy\/impressum\/#breadcrumb"},"inLanguage":"en-US","potentialAction":[{"@type":"ReadAction","target":["https:\/\/hpl.energy\/impressum\/"]}]},{"@type":"BreadcrumbList","@id":"https:\/\/hpl.energy\/impressum\/#breadcrumb","itemListElement":[{"@type":"ListItem","position":1,"name":"Startseite","item":"https:\/\/hpl.energy\/"},{"@type":"ListItem","position":2,"name":"Impressum"}]},{"@type":"WebSite","@id":"https:\/\/hpl.energy\/#website","url":"https:\/\/hpl.energy\/","name":"HPL","description":"Heating Perfomance Lab","potentialAction":[{"@type":"SearchAction","target":{"@type":"EntryPoint","urlTemplate":"https:\/\/hpl.energy\/?s={search_term_string}"},"query-input":{"@type":"PropertyValueSpecification","valueRequired":true,"valueName":"search_term_string"}}],"inLanguage":"en-US"}]}},"_links":{"self":[{"href":"https:\/\/hpl.energy\/en\/wp-json\/wp\/v2\/pages\/392","targetHints":{"allow":["GET"]}}],"collection":[{"href":"https:\/\/hpl.energy\/en\/wp-json\/wp\/v2\/pages"}],"about":[{"href":"https:\/\/hpl.energy\/en\/wp-json\/wp\/v2\/types\/page"}],"author":[{"embeddable":true,"href":"https:\/\/hpl.energy\/en\/wp-json\/wp\/v2\/users\/1"}],"replies":[{"embeddable":true,"href":"https:\/\/hpl.energy\/en\/wp-json\/wp\/v2\/comments?post=392"}],"version-history":[{"count":10,"href":"https:\/\/hpl.energy\/en\/wp-json\/wp\/v2\/pages\/392\/revisions"}],"predecessor-version":[{"id":1393,"href":"https:\/\/hpl.energy\/en\/wp-json\/wp\/v2\/pages\/392\/revisions\/1393"}],"wp:attachment":[{"href":"https:\/\/hpl.energy\/en\/wp-json\/wp\/v2\/media?parent=392"}],"curies":[{"name":"wp","href":"https:\/\/api.w.org\/{rel}","templated":true}]}}